{"id":4743,"date":"2026-02-05T10:40:06","date_gmt":"2026-02-05T10:40:06","guid":{"rendered":"https:\/\/crealith.cloud02.visible.be\/produkte\/"},"modified":"2026-03-25T07:09:39","modified_gmt":"2026-03-25T07:09:39","slug":"produkte","status":"publish","type":"page","link":"https:\/\/www.crealith.be\/de\/produkte\/","title":{"rendered":"Produkte."},"content":{"rendered":"\t\t<div data-elementor-type=\"wp-page\" data-elementor-id=\"4743\" class=\"elementor elementor-4743 elementor-4113\" data-elementor-post-type=\"page\">\n\t\t\t\t<div class=\"elementor-element elementor-element-31ac28d4 e-flex e-con-boxed elementor-invisible e-con e-child\" data-id=\"31ac28d4\" data-element_type=\"container\" data-e-type=\"container\" data-settings=\"{&quot;animation&quot;:&quot;fadeInUp&quot;}\">\n\t\t\t\t\t<div class=\"e-con-inner\">\n\t\t<div class=\"elementor-element elementor-element-639fc0ba e-con-full e-flex elementor-invisible e-con e-child\" data-id=\"639fc0ba\" data-element_type=\"container\" data-e-type=\"container\" data-settings=\"{&quot;animation&quot;:&quot;fadeInUp&quot;}\">\n\t\t<div class=\"elementor-element elementor-element-7107d6a4 e-con-full e-flex e-con e-child\" data-id=\"7107d6a4\" data-element_type=\"container\" data-e-type=\"container\">\n\t\t<div class=\"elementor-element elementor-element-4925c754 e-con-full e-flex e-con e-child\" data-id=\"4925c754\" data-element_type=\"container\" data-e-type=\"container\">\n\t\t\t\t<div class=\"elementor-element elementor-element-4b1cb71c elementor-widget elementor-widget-heading\" data-id=\"4b1cb71c\" data-element_type=\"widget\" data-e-type=\"widget\" data-widget_type=\"heading.default\">\n\t\t\t\t\t<h1 class=\"elementor-heading-title elementor-size-default\">Produkte<\/h1>\t\t\t\t<\/div>\n\t\t\t\t<div class=\"elementor-element elementor-element-2806150 elementor-widget elementor-widget-heading\" data-id=\"2806150\" data-element_type=\"widget\" data-e-type=\"widget\" data-widget_type=\"heading.default\">\n\t\t\t\t\t<h2 class=\"elementor-heading-title elementor-size-default\">Waschbecken, Waschtische, Duschtassen: unsere Produkte aus Kunststein<\/h2>\t\t\t\t<\/div>\n\t\t\t\t<div class=\"elementor-element elementor-element-7de5484 elementor-icon-list--layout-traditional elementor-list-item-link-full_width elementor-widget elementor-widget-icon-list\" data-id=\"7de5484\" data-element_type=\"widget\" data-e-type=\"widget\" data-widget_type=\"icon-list.default\">\n\t\t\t\t\t\t\t<ul class=\"elementor-icon-list-items\">\n\t\t\t\t\t\t\t<li class=\"elementor-icon-list-item\">\n\t\t\t\t\t\t\t\t\t\t\t<span class=\"elementor-icon-list-icon\">\n\t\t\t\t\t\t\t<svg aria-hidden=\"true\" class=\"e-font-icon-svg e-far-window-minimize\" viewBox=\"0 0 512 512\" xmlns=\"http:\/\/www.w3.org\/2000\/svg\"><path d=\"M480 480H32c-17.7 0-32-14.3-32-32s14.3-32 32-32h448c17.7 0 32 14.3 32 32s-14.3 32-32 32z\"><\/path><\/svg>\t\t\t\t\t\t<\/span>\n\t\t\t\t\t\t\t\t\t\t<span class=\"elementor-icon-list-text\">Unsere Produkte aus Kunststein.<\/span>\n\t\t\t\t\t\t\t\t\t<\/li>\n\t\t\t\t\t\t<\/ul>\n\t\t\t\t\t\t<\/div>\n\t\t\t\t<div class=\"elementor-element elementor-element-2aa76fb2 elementor-widget elementor-widget-text-editor\" data-id=\"2aa76fb2\" data-element_type=\"widget\" data-e-type=\"widget\" data-widget_type=\"text-editor.default\">\n\t\t\t\t\t\t\t\t\t<p><span style=\"font-weight: 400;\">Unsere Produkte verk\u00f6rpern, wof\u00fcr Crealith steht: eine einzigartige Verbindung aus Stabilit\u00e4t, handwerklichem K\u00f6nnen<\/span> <span style=\"font-weight: 400;\">und technischer Innovation.<\/span><\/p>\n<p><span style=\"font-weight: 400;\">Gefertigt aus Kunststein in unserem Betrieb im Osten Belgiens, sind sie auf Widerstandsf\u00e4higkeit, Langlebigkeit und einfache Pflege ausgelegt, ohne Abstriche bei der \u00c4sthetik zu machen. Ihre flexible und pr\u00e4zise Konstruktion spiegelt unsere F\u00e4higkeit wider, den Werkstoff zu formen, technische Anforderungen zu erf\u00fcllen und funktionale L\u00f6sungen zu entwickeln, die sich an jeden Raum anpassen.<\/span><\/p>\n<p><span style=\"font-weight: 400;\">Waschbecken, Waschtische, Duschtassen, Ablagen, Duschabtrennungen, Designm\u00f6bel oder Kunstreproduktionen: Unser Sortiment ist breit gef\u00e4chert. Da jedes Projekt einzigartig ist, realisieren wir zudem ma\u00dfgefertigte L\u00f6sungen, die sich in Abmessungen, Oberfl\u00e4chen, Farben und Zubeh\u00f6r individuell gestalten lassen.\u00a0<\/span><\/p>\n\t\t\t\t\t\t\t\t<\/div>\n\t\t\t\t<\/div>\n\t\t\t\t<\/div>\n\t\t<div class=\"elementor-element elementor-element-631f5736 e-con-full e-flex e-con e-child\" data-id=\"631f5736\" data-element_type=\"container\" data-e-type=\"container\">\n\t\t<div class=\"elementor-element elementor-element-5d8219c e-con-full cercle-img e-flex e-con e-child\" data-id=\"5d8219c\" data-element_type=\"container\" data-e-type=\"container\" data-settings=\"{&quot;background_background&quot;:&quot;classic&quot;}\">\n\t\t\t\t<div class=\"elementor-element elementor-element-387a44da cercle-btn elementor-widget elementor-widget-heading\" data-id=\"387a44da\" data-element_type=\"widget\" data-e-type=\"widget\" data-widget_type=\"heading.default\">\n\t\t\t\t\t<h4 class=\"elementor-heading-title elementor-size-default\"><a href=\"https:\/\/www.crealith.be\/de\/produkte\/waschbecken-und-waschtische\/\">Waschbecken und Waschtische.<\/a><\/h4>\t\t\t\t<\/div>\n\t\t\t\t<\/div>\n\t\t\t\t<\/div>\n\t\t\t\t<\/div>\n\t\t<div class=\"elementor-element elementor-element-668e9947 e-con-full e-flex elementor-invisible e-con e-child\" data-id=\"668e9947\" data-element_type=\"container\" data-e-type=\"container\" data-settings=\"{&quot;animation&quot;:&quot;fadeInUp&quot;}\">\n\t\t<div class=\"elementor-element elementor-element-5ea79ecf e-con-full e-flex e-con e-child\" data-id=\"5ea79ecf\" data-element_type=\"container\" data-e-type=\"container\">\n\t\t<div class=\"elementor-element elementor-element-57bda2a9 e-con-full cercle-img e-flex e-con e-child\" data-id=\"57bda2a9\" data-element_type=\"container\" data-e-type=\"container\" data-settings=\"{&quot;background_background&quot;:&quot;classic&quot;}\">\n\t\t\t\t<div class=\"elementor-element elementor-element-4dbf29c2 cercle-btn elementor-widget elementor-widget-heading\" data-id=\"4dbf29c2\" data-element_type=\"widget\" data-e-type=\"widget\" data-widget_type=\"heading.default\">\n\t\t\t\t\t<h4 class=\"elementor-heading-title elementor-size-default\"><a href=\"https:\/\/www.crealith.be\/de\/produkte\/duschtassen\/\">Duschtassen.<\/a><\/h4>\t\t\t\t<\/div>\n\t\t\t\t<\/div>\n\t\t\t\t<\/div>\n\t\t<div class=\"elementor-element elementor-element-1a25d32b e-con-full e-flex e-con e-child\" data-id=\"1a25d32b\" data-element_type=\"container\" data-e-type=\"container\">\n\t\t<div class=\"elementor-element elementor-element-d2297bd e-con-full cercle-img e-flex e-con e-child\" data-id=\"d2297bd\" data-element_type=\"container\" data-e-type=\"container\" data-settings=\"{&quot;background_background&quot;:&quot;classic&quot;}\">\n\t\t\t\t<div class=\"elementor-element elementor-element-69e81820 cercle-btn elementor-widget elementor-widget-heading\" data-id=\"69e81820\" data-element_type=\"widget\" data-e-type=\"widget\" data-widget_type=\"heading.default\">\n\t\t\t\t\t<h4 class=\"elementor-heading-title elementor-size-default\"><a href=\"https:\/\/www.crealith.be\/de\/produkte\/ablagen\/\">Ablagen.<\/a><\/h4>\t\t\t\t<\/div>\n\t\t\t\t<\/div>\n\t\t\t\t<\/div>\n\t\t<div class=\"elementor-element elementor-element-4c79e4a6 e-con-full e-flex e-con e-child\" data-id=\"4c79e4a6\" data-element_type=\"container\" data-e-type=\"container\">\n\t\t<div class=\"elementor-element elementor-element-7fd1b8fe e-con-full cercle-img e-flex e-con e-child\" data-id=\"7fd1b8fe\" data-element_type=\"container\" data-e-type=\"container\" data-settings=\"{&quot;background_background&quot;:&quot;classic&quot;}\">\n\t\t\t\t<div class=\"elementor-element elementor-element-12cc99a9 cercle-btn elementor-widget elementor-widget-heading\" data-id=\"12cc99a9\" data-element_type=\"widget\" data-e-type=\"widget\" data-widget_type=\"heading.default\">\n\t\t\t\t\t<h4 class=\"elementor-heading-title elementor-size-default\"><a href=\"https:\/\/www.crealith.be\/de\/produkte\/duschabtrennungen\/\">Duschabtrennungen.<\/a><\/h4>\t\t\t\t<\/div>\n\t\t\t\t<\/div>\n\t\t\t\t<\/div>\n\t\t\t\t<\/div>\n\t\t<div class=\"elementor-element elementor-element-2093f6f4 e-con-full e-flex elementor-invisible e-con e-child\" data-id=\"2093f6f4\" data-element_type=\"container\" data-e-type=\"container\" data-settings=\"{&quot;animation&quot;:&quot;fadeInUp&quot;}\">\n\t\t<div class=\"elementor-element elementor-element-6aec238a e-con-full e-flex e-con e-child\" data-id=\"6aec238a\" data-element_type=\"container\" data-e-type=\"container\">\n\t\t<div class=\"elementor-element elementor-element-70c3b35e e-con-full cercle-img e-flex e-con e-child\" data-id=\"70c3b35e\" data-element_type=\"container\" data-e-type=\"container\" data-settings=\"{&quot;background_background&quot;:&quot;classic&quot;}\">\n\t\t\t\t<div class=\"elementor-element elementor-element-740acd36 cercle-btn-nolink  elementor-widget elementor-widget-heading\" data-id=\"740acd36\" data-element_type=\"widget\" data-e-type=\"widget\" data-widget_type=\"heading.default\">\n\t\t\t\t\t<h4 class=\"elementor-heading-title elementor-size-default\">Designm\u00f6bel.<\/h4>\t\t\t\t<\/div>\n\t\t\t\t<\/div>\n\t\t\t\t<\/div>\n\t\t<div class=\"elementor-element elementor-element-38b8171a e-con-full e-flex e-con e-child\" data-id=\"38b8171a\" data-element_type=\"container\" data-e-type=\"container\">\n\t\t<div class=\"elementor-element elementor-element-516ba85c e-con-full cercle-img e-flex e-con e-child\" data-id=\"516ba85c\" data-element_type=\"container\" data-e-type=\"container\" data-settings=\"{&quot;background_background&quot;:&quot;classic&quot;}\">\n\t\t\t\t<div class=\"elementor-element elementor-element-70854ddd cercle-btn-nolink  elementor-widget elementor-widget-heading\" data-id=\"70854ddd\" data-element_type=\"widget\" data-e-type=\"widget\" data-widget_type=\"heading.default\">\n\t\t\t\t\t<h4 class=\"elementor-heading-title elementor-size-default\">Kunstreproduktionen.<\/h4>\t\t\t\t<\/div>\n\t\t\t\t<\/div>\n\t\t\t\t<\/div>\n\t\t<div class=\"elementor-element elementor-element-3c96f704 e-con-full e-flex e-con e-child\" data-id=\"3c96f704\" data-element_type=\"container\" data-e-type=\"container\">\n\t\t<div class=\"elementor-element elementor-element-6c0aeaff e-con-full cercle-img e-flex e-con e-child\" data-id=\"6c0aeaff\" data-element_type=\"container\" data-e-type=\"container\" data-settings=\"{&quot;background_background&quot;:&quot;classic&quot;}\">\n\t\t\t\t<div class=\"elementor-element elementor-element-346d48e3 cercle-btn-nolink  elementor-widget elementor-widget-heading\" data-id=\"346d48e3\" data-element_type=\"widget\" data-e-type=\"widget\" data-widget_type=\"heading.default\">\n\t\t\t\t\t<h4 class=\"elementor-heading-title elementor-size-default\">Zubeh\u00f6r.<\/h4>\t\t\t\t<\/div>\n\t\t\t\t<\/div>\n\t\t\t\t<\/div>\n\t\t\t\t<\/div>\n\t\t\t\t\t<\/div>\n\t\t\t\t<\/div>\n\t\t<div class=\"elementor-element elementor-element-31f0ca6a e-con-full e-transform e-flex e-con e-parent\" data-id=\"31f0ca6a\" data-element_type=\"container\" data-e-type=\"container\" data-settings=\"{&quot;_transform_translateY_effect&quot;:{&quot;unit&quot;:&quot;px&quot;,&quot;size&quot;:250,&quot;sizes&quot;:[]},&quot;_transform_translateY_effect_mobile&quot;:{&quot;unit&quot;:&quot;px&quot;,&quot;size&quot;:200,&quot;sizes&quot;:[]},&quot;_transform_translateX_effect&quot;:{&quot;unit&quot;:&quot;px&quot;,&quot;size&quot;:&quot;&quot;,&quot;sizes&quot;:[]},&quot;_transform_translateX_effect_widescreen&quot;:{&quot;unit&quot;:&quot;px&quot;,&quot;size&quot;:&quot;&quot;,&quot;sizes&quot;:[]},&quot;_transform_translateX_effect_laptop&quot;:{&quot;unit&quot;:&quot;px&quot;,&quot;size&quot;:&quot;&quot;,&quot;sizes&quot;:[]},&quot;_transform_translateX_effect_tablet_extra&quot;:{&quot;unit&quot;:&quot;px&quot;,&quot;size&quot;:&quot;&quot;,&quot;sizes&quot;:[]},&quot;_transform_translateX_effect_tablet&quot;:{&quot;unit&quot;:&quot;px&quot;,&quot;size&quot;:&quot;&quot;,&quot;sizes&quot;:[]},&quot;_transform_translateX_effect_mobile_extra&quot;:{&quot;unit&quot;:&quot;px&quot;,&quot;size&quot;:&quot;&quot;,&quot;sizes&quot;:[]},&quot;_transform_translateX_effect_mobile&quot;:{&quot;unit&quot;:&quot;px&quot;,&quot;size&quot;:&quot;&quot;,&quot;sizes&quot;:[]},&quot;_transform_translateY_effect_widescreen&quot;:{&quot;unit&quot;:&quot;px&quot;,&quot;size&quot;:&quot;&quot;,&quot;sizes&quot;:[]},&quot;_transform_translateY_effect_laptop&quot;:{&quot;unit&quot;:&quot;px&quot;,&quot;size&quot;:&quot;&quot;,&quot;sizes&quot;:[]},&quot;_transform_translateY_effect_tablet_extra&quot;:{&quot;unit&quot;:&quot;px&quot;,&quot;size&quot;:&quot;&quot;,&quot;sizes&quot;:[]},&quot;_transform_translateY_effect_tablet&quot;:{&quot;unit&quot;:&quot;px&quot;,&quot;size&quot;:&quot;&quot;,&quot;sizes&quot;:[]},&quot;_transform_translateY_effect_mobile_extra&quot;:{&quot;unit&quot;:&quot;px&quot;,&quot;size&quot;:&quot;&quot;,&quot;sizes&quot;:[]}}\">\n\t\t\t\t<div class=\"elementor-element elementor-element-4edd38db cercle-bas-gauche elementor-widget elementor-widget-image\" data-id=\"4edd38db\" data-element_type=\"widget\" data-e-type=\"widget\" data-widget_type=\"image.default\">\n\t\t\t\t\t\t\t\t\t\t\t\t\t\t\t<img fetchpriority=\"high\" decoding=\"async\" width=\"800\" height=\"800\" src=\"https:\/\/www.crealith.be\/wp-content\/uploads\/2026\/02\/rond_gris_clair-1024x1024.png\" class=\"attachment-large size-large wp-image-4484\" alt=\"\" srcset=\"https:\/\/www.crealith.be\/wp-content\/uploads\/2026\/02\/rond_gris_clair-1024x1024.png 1024w, https:\/\/www.crealith.be\/wp-content\/uploads\/2026\/02\/rond_gris_clair-300x300.png 300w, https:\/\/www.crealith.be\/wp-content\/uploads\/2026\/02\/rond_gris_clair-150x150.png 150w, https:\/\/www.crealith.be\/wp-content\/uploads\/2026\/02\/rond_gris_clair-768x768.png 768w, https:\/\/www.crealith.be\/wp-content\/uploads\/2026\/02\/rond_gris_clair-1536x1536.png 1536w, https:\/\/www.crealith.be\/wp-content\/uploads\/2026\/02\/rond_gris_clair-600x600.png 600w, https:\/\/www.crealith.be\/wp-content\/uploads\/2026\/02\/rond_gris_clair-100x100.png 100w, https:\/\/www.crealith.be\/wp-content\/uploads\/2026\/02\/rond_gris_clair.png 1684w\" sizes=\"(max-width: 800px) 100vw, 800px\" \/>\t\t\t\t\t\t\t\t\t\t\t\t\t\t\t<\/div>\n\t\t\t\t<\/div>\n\t\t\t\t<\/div>\n\t\t","protected":false},"excerpt":{"rendered":"<p>Produkte Waschbecken, Waschtische, Duschtassen: unsere Produkte aus Kunststein Unsere Produkte aus Kunststein. Unsere Produkte verk\u00f6rpern, wof\u00fcr Crealith steht: eine einzigartige Verbindung aus Stabilit\u00e4t, handwerklichem K\u00f6nnen und technischer Innovation. Gefertigt aus Kunststein in unserem Betrieb im Osten Belgiens, sind sie auf Widerstandsf\u00e4higkeit, Langlebigkeit und einfache Pflege ausgelegt, ohne Abstriche bei der \u00c4sthetik zu machen. Ihre flexible [&hellip;]<\/p>\n","protected":false},"author":1,"featured_media":0,"parent":0,"menu_order":0,"comment_status":"closed","ping_status":"closed","template":"","meta":{"_acf_changed":false,"footnotes":""},"class_list":["post-4743","page","type-page","status-publish","hentry"],"acf":[],"_links":{"self":[{"href":"https:\/\/www.crealith.be\/de\/wp-json\/wp\/v2\/pages\/4743","targetHints":{"allow":["GET"]}}],"collection":[{"href":"https:\/\/www.crealith.be\/de\/wp-json\/wp\/v2\/pages"}],"about":[{"href":"https:\/\/www.crealith.be\/de\/wp-json\/wp\/v2\/types\/page"}],"author":[{"embeddable":true,"href":"https:\/\/www.crealith.be\/de\/wp-json\/wp\/v2\/users\/1"}],"replies":[{"embeddable":true,"href":"https:\/\/www.crealith.be\/de\/wp-json\/wp\/v2\/comments?post=4743"}],"version-history":[{"count":22,"href":"https:\/\/www.crealith.be\/de\/wp-json\/wp\/v2\/pages\/4743\/revisions"}],"predecessor-version":[{"id":6907,"href":"https:\/\/www.crealith.be\/de\/wp-json\/wp\/v2\/pages\/4743\/revisions\/6907"}],"wp:attachment":[{"href":"https:\/\/www.crealith.be\/de\/wp-json\/wp\/v2\/media?parent=4743"}],"curies":[{"name":"wp","href":"https:\/\/api.w.org\/{rel}","templated":true}]}}