{"id":4749,"date":"2026-02-05T13:48:32","date_gmt":"2026-02-05T13:48:32","guid":{"rendered":"https:\/\/crealith.cloud02.visible.be\/produkte\/duschabtrennungen\/"},"modified":"2026-03-25T09:34:21","modified_gmt":"2026-03-25T09:34:21","slug":"duschabtrennungen","status":"publish","type":"page","link":"https:\/\/www.crealith.be\/de\/produkte\/duschabtrennungen\/","title":{"rendered":"Duschabtrennungen"},"content":{"rendered":"\t\t<div data-elementor-type=\"wp-page\" data-elementor-id=\"4749\" class=\"elementor elementor-4749 elementor-4218\" data-elementor-post-type=\"page\">\n\t\t\t\t<div class=\"elementor-element elementor-element-6342f9f7 e-con-full e-flex elementor-invisible e-con e-parent\" data-id=\"6342f9f7\" data-element_type=\"container\" data-e-type=\"container\" data-settings=\"{&quot;animation&quot;:&quot;fadeInUp&quot;}\">\n\t\t<div class=\"elementor-element elementor-element-5736dafa e-flex e-con-boxed e-con e-child\" data-id=\"5736dafa\" data-element_type=\"container\" data-e-type=\"container\">\n\t\t\t\t\t<div class=\"e-con-inner\">\n\t\t<div class=\"elementor-element elementor-element-532323ac e-con-full e-flex e-con e-child\" data-id=\"532323ac\" data-element_type=\"container\" data-e-type=\"container\">\n\t\t<div class=\"elementor-element elementor-element-47b1651d e-con-full e-flex e-con e-child\" data-id=\"47b1651d\" data-element_type=\"container\" data-e-type=\"container\">\n\t\t\t\t<div class=\"elementor-element elementor-element-39f20fd9 elementor-widget elementor-widget-heading\" data-id=\"39f20fd9\" data-element_type=\"widget\" data-e-type=\"widget\" data-widget_type=\"heading.default\">\n\t\t\t\t\t<h1 class=\"elementor-heading-title elementor-size-default\">Funktionale und \u00e4sthetische Duschabtrennungen <\/h1>\t\t\t\t<\/div>\n\t\t\t\t<div class=\"elementor-element elementor-element-2894f180 elementor-widget elementor-widget-text-editor\" data-id=\"2894f180\" data-element_type=\"widget\" data-e-type=\"widget\" data-widget_type=\"text-editor.default\">\n\t\t\t\t\t\t\t\t\t<p>Wir entwickeln Duschabtrennungen, die sich an die realen baulichen Gegebenheiten anpassen und gleichzeitig eine dauerhafte und \u00e4sthetische L\u00f6sung bieten. Mithilfe unserer Profile oder integrierten Nuten lassen sich die Abtrennungen auf oder in die Struktur der Duschtasse integrieren und gew\u00e4hrleisten eine saubere, stabile und wasserdichte Installation. Jedes Detail wird sorgf\u00e4ltig durchdacht, insbesondere die optimale H\u00f6he, um Spritzwasser effektiv zu begrenzen und den Nutzungskomfort zu erh\u00f6hen.<\/p>\n<p>Unsere Duschabtrennungen \u00fcberzeugen zudem durch ihre technische Ausgereiftheit. Verschiedene Anschlussm\u00f6glichkeiten, pr\u00e4zise Anpassungen und spezielle Zuschnitte erleichtern die Montage und die Pflege und sorgen auch bei komplexen Einbausituationen f\u00fcr ein einwandfreies Ergebnis.<\/p>\n<p>F\u00fcr Bereiche mit besonderen Anforderungen an die Barrierefreiheit entwickeln wir L\u00f6sungen ohne Schwellen, die eine sichere und uneingeschr\u00e4nkte Nutzung erm\u00f6glichen.<\/p>\n\t\t\t\t\t\t\t\t<\/div>\n\t\t\t\t<\/div>\n\t\t\t\t<\/div>\n\t\t<div class=\"elementor-element elementor-element-733b326b e-con-full e-transform e-flex e-con e-child\" data-id=\"733b326b\" data-element_type=\"container\" data-e-type=\"container\" data-settings=\"{&quot;_transform_translateX_effect_laptop&quot;:{&quot;unit&quot;:&quot;px&quot;,&quot;size&quot;:18,&quot;sizes&quot;:[]},&quot;_transform_translateX_effect_tablet_extra&quot;:{&quot;unit&quot;:&quot;px&quot;,&quot;size&quot;:15,&quot;sizes&quot;:[]},&quot;_transform_translateX_effect_tablet&quot;:{&quot;unit&quot;:&quot;px&quot;,&quot;size&quot;:36,&quot;sizes&quot;:[]},&quot;_transform_translateX_effect_mobile&quot;:{&quot;unit&quot;:&quot;px&quot;,&quot;size&quot;:0,&quot;sizes&quot;:[]},&quot;_transform_translateX_effect&quot;:{&quot;unit&quot;:&quot;px&quot;,&quot;size&quot;:&quot;&quot;,&quot;sizes&quot;:[]},&quot;_transform_translateX_effect_widescreen&quot;:{&quot;unit&quot;:&quot;px&quot;,&quot;size&quot;:&quot;&quot;,&quot;sizes&quot;:[]},&quot;_transform_translateX_effect_mobile_extra&quot;:{&quot;unit&quot;:&quot;px&quot;,&quot;size&quot;:&quot;&quot;,&quot;sizes&quot;:[]},&quot;_transform_translateY_effect&quot;:{&quot;unit&quot;:&quot;px&quot;,&quot;size&quot;:&quot;&quot;,&quot;sizes&quot;:[]},&quot;_transform_translateY_effect_widescreen&quot;:{&quot;unit&quot;:&quot;px&quot;,&quot;size&quot;:&quot;&quot;,&quot;sizes&quot;:[]},&quot;_transform_translateY_effect_laptop&quot;:{&quot;unit&quot;:&quot;px&quot;,&quot;size&quot;:&quot;&quot;,&quot;sizes&quot;:[]},&quot;_transform_translateY_effect_tablet_extra&quot;:{&quot;unit&quot;:&quot;px&quot;,&quot;size&quot;:&quot;&quot;,&quot;sizes&quot;:[]},&quot;_transform_translateY_effect_tablet&quot;:{&quot;unit&quot;:&quot;px&quot;,&quot;size&quot;:&quot;&quot;,&quot;sizes&quot;:[]},&quot;_transform_translateY_effect_mobile_extra&quot;:{&quot;unit&quot;:&quot;px&quot;,&quot;size&quot;:&quot;&quot;,&quot;sizes&quot;:[]},&quot;_transform_translateY_effect_mobile&quot;:{&quot;unit&quot;:&quot;px&quot;,&quot;size&quot;:&quot;&quot;,&quot;sizes&quot;:[]}}\">\n\t\t\t\t<div class=\"elementor-element elementor-element-2ac46998 elementor-widget elementor-widget-image\" data-id=\"2ac46998\" data-element_type=\"widget\" data-e-type=\"widget\" data-widget_type=\"image.default\">\n\t\t\t\t\t\t\t\t\t\t\t\t\t\t\t<img fetchpriority=\"high\" decoding=\"async\" width=\"683\" height=\"1024\" src=\"https:\/\/www.crealith.be\/wp-content\/uploads\/2026\/03\/pare-douche-683x1024.jpg\" class=\"attachment-large size-large wp-image-6427\" alt=\"Duschabtrennungen\" srcset=\"https:\/\/www.crealith.be\/wp-content\/uploads\/2026\/03\/pare-douche-683x1024.jpg 683w, https:\/\/www.crealith.be\/wp-content\/uploads\/2026\/03\/pare-douche-200x300.jpg 200w, https:\/\/www.crealith.be\/wp-content\/uploads\/2026\/03\/pare-douche-768x1152.jpg 768w, https:\/\/www.crealith.be\/wp-content\/uploads\/2026\/03\/pare-douche-1024x1536.jpg 1024w, https:\/\/www.crealith.be\/wp-content\/uploads\/2026\/03\/pare-douche-600x900.jpg 600w, https:\/\/www.crealith.be\/wp-content\/uploads\/2026\/03\/pare-douche.jpg 1200w\" sizes=\"(max-width: 683px) 100vw, 683px\" \/>\t\t\t\t\t\t\t\t\t\t\t\t\t\t\t<\/div>\n\t\t\t\t<\/div>\n\t\t\t\t\t<\/div>\n\t\t\t\t<\/div>\n\t\t\t\t<\/div>\n\t\t<div class=\"elementor-element elementor-element-34dba7b1 e-con-full e-flex e-con e-parent\" data-id=\"34dba7b1\" data-element_type=\"container\" data-e-type=\"container\">\n\t\t\t\t<div class=\"elementor-element elementor-element-b3199dd cercle-bas-gauche elementor-widget elementor-widget-image\" data-id=\"b3199dd\" data-element_type=\"widget\" data-e-type=\"widget\" data-widget_type=\"image.default\">\n\t\t\t\t\t\t\t\t\t\t\t\t\t\t\t<img decoding=\"async\" width=\"800\" height=\"800\" src=\"https:\/\/www.crealith.be\/wp-content\/uploads\/2026\/02\/rond_gris_clair-1024x1024.png\" class=\"attachment-large size-large wp-image-4484\" alt=\"\" srcset=\"https:\/\/www.crealith.be\/wp-content\/uploads\/2026\/02\/rond_gris_clair-1024x1024.png 1024w, https:\/\/www.crealith.be\/wp-content\/uploads\/2026\/02\/rond_gris_clair-300x300.png 300w, https:\/\/www.crealith.be\/wp-content\/uploads\/2026\/02\/rond_gris_clair-150x150.png 150w, https:\/\/www.crealith.be\/wp-content\/uploads\/2026\/02\/rond_gris_clair-768x768.png 768w, https:\/\/www.crealith.be\/wp-content\/uploads\/2026\/02\/rond_gris_clair-1536x1536.png 1536w, https:\/\/www.crealith.be\/wp-content\/uploads\/2026\/02\/rond_gris_clair-600x600.png 600w, https:\/\/www.crealith.be\/wp-content\/uploads\/2026\/02\/rond_gris_clair-100x100.png 100w, https:\/\/www.crealith.be\/wp-content\/uploads\/2026\/02\/rond_gris_clair.png 1684w\" sizes=\"(max-width: 800px) 100vw, 800px\" \/>\t\t\t\t\t\t\t\t\t\t\t\t\t\t\t<\/div>\n\t\t\t\t<\/div>\n\t\t\t\t<\/div>\n\t\t","protected":false},"excerpt":{"rendered":"<p>Funktionale und \u00e4sthetische Duschabtrennungen Wir entwickeln Duschabtrennungen, die sich an die realen baulichen Gegebenheiten anpassen und gleichzeitig eine dauerhafte und \u00e4sthetische L\u00f6sung bieten. Mithilfe unserer Profile oder integrierten Nuten lassen sich die Abtrennungen auf oder in die Struktur der Duschtasse integrieren und gew\u00e4hrleisten eine saubere, stabile und wasserdichte Installation. Jedes Detail wird sorgf\u00e4ltig durchdacht, insbesondere [&hellip;]<\/p>\n","protected":false},"author":1,"featured_media":0,"parent":4743,"menu_order":0,"comment_status":"closed","ping_status":"closed","template":"","meta":{"_acf_changed":false,"footnotes":""},"class_list":["post-4749","page","type-page","status-publish","hentry"],"acf":[],"_links":{"self":[{"href":"https:\/\/www.crealith.be\/de\/wp-json\/wp\/v2\/pages\/4749","targetHints":{"allow":["GET"]}}],"collection":[{"href":"https:\/\/www.crealith.be\/de\/wp-json\/wp\/v2\/pages"}],"about":[{"href":"https:\/\/www.crealith.be\/de\/wp-json\/wp\/v2\/types\/page"}],"author":[{"embeddable":true,"href":"https:\/\/www.crealith.be\/de\/wp-json\/wp\/v2\/users\/1"}],"replies":[{"embeddable":true,"href":"https:\/\/www.crealith.be\/de\/wp-json\/wp\/v2\/comments?post=4749"}],"version-history":[{"count":9,"href":"https:\/\/www.crealith.be\/de\/wp-json\/wp\/v2\/pages\/4749\/revisions"}],"predecessor-version":[{"id":6913,"href":"https:\/\/www.crealith.be\/de\/wp-json\/wp\/v2\/pages\/4749\/revisions\/6913"}],"up":[{"embeddable":true,"href":"https:\/\/www.crealith.be\/de\/wp-json\/wp\/v2\/pages\/4743"}],"wp:attachment":[{"href":"https:\/\/www.crealith.be\/de\/wp-json\/wp\/v2\/media?parent=4749"}],"curies":[{"name":"wp","href":"https:\/\/api.w.org\/{rel}","templated":true}]}}