{"id":4766,"date":"2026-02-05T12:56:21","date_gmt":"2026-02-05T12:56:21","guid":{"rendered":"https:\/\/crealith.cloud02.visible.be\/produkte\/duschtassen\/"},"modified":"2026-03-25T09:34:21","modified_gmt":"2026-03-25T09:34:21","slug":"duschtassen","status":"publish","type":"page","link":"https:\/\/www.crealith.be\/de\/produkte\/duschtassen\/","title":{"rendered":"Duschtassen"},"content":{"rendered":"\t\t<div data-elementor-type=\"wp-page\" data-elementor-id=\"4766\" class=\"elementor elementor-4766 elementor-4171\" data-elementor-post-type=\"page\">\n\t\t\t\t<div class=\"elementor-element elementor-element-403fc282 e-con-full e-flex elementor-invisible e-con e-parent\" data-id=\"403fc282\" data-element_type=\"container\" data-e-type=\"container\" data-settings=\"{&quot;animation&quot;:&quot;fadeInUp&quot;}\">\n\t\t<div class=\"elementor-element elementor-element-6c1045e7 e-flex e-con-boxed e-con e-child\" data-id=\"6c1045e7\" data-element_type=\"container\" data-e-type=\"container\">\n\t\t\t\t\t<div class=\"e-con-inner\">\n\t\t<div class=\"elementor-element elementor-element-63df7c48 e-con-full e-flex e-con e-child\" data-id=\"63df7c48\" data-element_type=\"container\" data-e-type=\"container\">\n\t\t<div class=\"elementor-element elementor-element-48d1c7e3 e-con-full e-flex e-con e-child\" data-id=\"48d1c7e3\" data-element_type=\"container\" data-e-type=\"container\">\n\t\t\t\t<div class=\"elementor-element elementor-element-101fa0a0 elementor-widget elementor-widget-heading\" data-id=\"101fa0a0\" data-element_type=\"widget\" data-e-type=\"widget\" data-widget_type=\"heading.default\">\n\t\t\t\t\t<h1 class=\"elementor-heading-title elementor-size-default\">Sichere und langlebige Duschtassen mit optimaler Entw\u00e4sserung <\/h1>\t\t\t\t<\/div>\n\t\t\t\t<div class=\"elementor-element elementor-element-1a62b0f elementor-icon-list--layout-traditional elementor-list-item-link-full_width elementor-widget elementor-widget-icon-list\" data-id=\"1a62b0f\" data-element_type=\"widget\" data-e-type=\"widget\" data-widget_type=\"icon-list.default\">\n\t\t\t\t\t\t\t<ul class=\"elementor-icon-list-items\">\n\t\t\t\t\t\t\t<li class=\"elementor-icon-list-item\">\n\t\t\t\t\t\t\t\t\t\t\t<span class=\"elementor-icon-list-icon\">\n\t\t\t\t\t\t\t<svg aria-hidden=\"true\" class=\"e-font-icon-svg e-far-window-minimize\" viewBox=\"0 0 512 512\" xmlns=\"http:\/\/www.w3.org\/2000\/svg\"><path d=\"M480 480H32c-17.7 0-32-14.3-32-32s14.3-32 32-32h448c17.7 0 32 14.3 32 32s-14.3 32-32 32z\"><\/path><\/svg>\t\t\t\t\t\t<\/span>\n\t\t\t\t\t\t\t\t\t\t<span class=\"elementor-icon-list-text\">Langlebige und mit optimaler Entw\u00e4sserung.<\/span>\n\t\t\t\t\t\t\t\t\t<\/li>\n\t\t\t\t\t\t<\/ul>\n\t\t\t\t\t\t<\/div>\n\t\t\t\t<div class=\"elementor-element elementor-element-5fdbd519 elementor-widget elementor-widget-text-editor\" data-id=\"5fdbd519\" data-element_type=\"widget\" data-e-type=\"widget\" data-widget_type=\"text-editor.default\">\n\t\t\t\t\t\t\t\t\t<p>Unsere Duschtassen aus Kunststein erf\u00fcllen h\u00f6chste Anforderungen in Bezug auf Sicherheit, Langlebigkeit und Nutzungskomfort. Sie entsprechen den jeweils geltenden Normen der einzelnen L\u00e4nder zur Rutschfestigkeit <span style=\"font-weight: 400;\">und sorgen f\u00fcr eine sichere Nutzung, auch in stark frequentierten Bereichen wie Hotels, Sporteinrichtungen oder Pflegebetrieben.<\/span><\/p>\n<p>Die pr\u00e4zise Auslegung des Gef\u00e4lles ist ein zentrales Element unserer Konstruktionen. Jede Duschtasse wird so konzipiert, dass das Wasser unabh\u00e4ngig von Gr\u00f6\u00dfe oder Grundriss des Badezimmers optimal abflie\u00dfen kann. Sie k\u00f6nnen bodengleich oder auf einem Tr\u00e4gersystem installiert und mit speziellen Ausschnitten geliefert werden, um auch komplexen architektonischen Vorgaben gerecht zu werden.<\/p>\n<p>F\u00fcr Hotelprojekte, bei denen Zeit ein entscheidender Faktor ist, fertigen wir zudem ma\u00dfgeschneiderte Montageschablonen. Diese erleichtern und beschleunigen die Installation und erm\u00f6glichen gleichzeitig eine besonders pr\u00e4zise Umsetzung.<\/p>\n\t\t\t\t\t\t\t\t<\/div>\n\t\t\t\t<div class=\"elementor-element elementor-element-3286a6ce elementor-widget elementor-widget-button\" data-id=\"3286a6ce\" data-element_type=\"widget\" data-e-type=\"widget\" data-widget_type=\"button.default\">\n\t\t\t\t\t\t\t\t\t\t<a class=\"elementor-button elementor-button-link elementor-size-sm\" href=\"https:\/\/www.crealith.be\/de\/configurateur\/\">\n\t\t\t\t\t\t<span class=\"elementor-button-content-wrapper\">\n\t\t\t\t\t\t\t\t\t<span class=\"elementor-button-text\">In unserem Katalog st\u00f6bern. <\/span>\n\t\t\t\t\t<\/span>\n\t\t\t\t\t<\/a>\n\t\t\t\t\t\t\t\t<\/div>\n\t\t\t\t<\/div>\n\t\t\t\t<\/div>\n\t\t<div class=\"elementor-element elementor-element-6e21f44d e-con-full e-transform e-flex e-con e-child\" data-id=\"6e21f44d\" data-element_type=\"container\" data-e-type=\"container\" data-settings=\"{&quot;_transform_translateX_effect_laptop&quot;:{&quot;unit&quot;:&quot;px&quot;,&quot;size&quot;:18,&quot;sizes&quot;:[]},&quot;_transform_translateX_effect_tablet_extra&quot;:{&quot;unit&quot;:&quot;px&quot;,&quot;size&quot;:15,&quot;sizes&quot;:[]},&quot;_transform_translateX_effect_tablet&quot;:{&quot;unit&quot;:&quot;px&quot;,&quot;size&quot;:36,&quot;sizes&quot;:[]},&quot;_transform_translateX_effect_mobile&quot;:{&quot;unit&quot;:&quot;px&quot;,&quot;size&quot;:0,&quot;sizes&quot;:[]},&quot;_transform_translateX_effect&quot;:{&quot;unit&quot;:&quot;px&quot;,&quot;size&quot;:&quot;&quot;,&quot;sizes&quot;:[]},&quot;_transform_translateX_effect_widescreen&quot;:{&quot;unit&quot;:&quot;px&quot;,&quot;size&quot;:&quot;&quot;,&quot;sizes&quot;:[]},&quot;_transform_translateX_effect_mobile_extra&quot;:{&quot;unit&quot;:&quot;px&quot;,&quot;size&quot;:&quot;&quot;,&quot;sizes&quot;:[]},&quot;_transform_translateY_effect&quot;:{&quot;unit&quot;:&quot;px&quot;,&quot;size&quot;:&quot;&quot;,&quot;sizes&quot;:[]},&quot;_transform_translateY_effect_widescreen&quot;:{&quot;unit&quot;:&quot;px&quot;,&quot;size&quot;:&quot;&quot;,&quot;sizes&quot;:[]},&quot;_transform_translateY_effect_laptop&quot;:{&quot;unit&quot;:&quot;px&quot;,&quot;size&quot;:&quot;&quot;,&quot;sizes&quot;:[]},&quot;_transform_translateY_effect_tablet_extra&quot;:{&quot;unit&quot;:&quot;px&quot;,&quot;size&quot;:&quot;&quot;,&quot;sizes&quot;:[]},&quot;_transform_translateY_effect_tablet&quot;:{&quot;unit&quot;:&quot;px&quot;,&quot;size&quot;:&quot;&quot;,&quot;sizes&quot;:[]},&quot;_transform_translateY_effect_mobile_extra&quot;:{&quot;unit&quot;:&quot;px&quot;,&quot;size&quot;:&quot;&quot;,&quot;sizes&quot;:[]},&quot;_transform_translateY_effect_mobile&quot;:{&quot;unit&quot;:&quot;px&quot;,&quot;size&quot;:&quot;&quot;,&quot;sizes&quot;:[]}}\">\n\t\t\t\t<div class=\"elementor-element elementor-element-4667ea02 elementor-widget elementor-widget-image\" data-id=\"4667ea02\" data-element_type=\"widget\" data-e-type=\"widget\" data-widget_type=\"image.default\">\n\t\t\t\t\t\t\t\t\t\t\t\t\t\t\t<img fetchpriority=\"high\" decoding=\"async\" width=\"800\" height=\"534\" src=\"https:\/\/www.crealith.be\/wp-content\/uploads\/2026\/03\/receveur-de-douche-1024x683.jpg\" class=\"attachment-large size-large wp-image-6430\" alt=\"Duschtassen\" srcset=\"https:\/\/www.crealith.be\/wp-content\/uploads\/2026\/03\/receveur-de-douche-1024x683.jpg 1024w, https:\/\/www.crealith.be\/wp-content\/uploads\/2026\/03\/receveur-de-douche-300x200.jpg 300w, https:\/\/www.crealith.be\/wp-content\/uploads\/2026\/03\/receveur-de-douche-768x512.jpg 768w, https:\/\/www.crealith.be\/wp-content\/uploads\/2026\/03\/receveur-de-douche-1536x1024.jpg 1536w, https:\/\/www.crealith.be\/wp-content\/uploads\/2026\/03\/receveur-de-douche-600x400.jpg 600w, https:\/\/www.crealith.be\/wp-content\/uploads\/2026\/03\/receveur-de-douche.jpg 1920w\" sizes=\"(max-width: 800px) 100vw, 800px\" \/>\t\t\t\t\t\t\t\t\t\t\t\t\t\t\t<\/div>\n\t\t\t\t<\/div>\n\t\t\t\t\t<\/div>\n\t\t\t\t<\/div>\n\t\t\t\t<\/div>\n\t\t<div class=\"elementor-element elementor-element-28c51b68 e-con-full e-flex e-con e-parent\" data-id=\"28c51b68\" data-element_type=\"container\" data-e-type=\"container\">\n\t\t\t\t<div class=\"elementor-element elementor-element-695bc2c4 cercle-bas-gauche elementor-widget elementor-widget-image\" data-id=\"695bc2c4\" data-element_type=\"widget\" data-e-type=\"widget\" data-widget_type=\"image.default\">\n\t\t\t\t\t\t\t\t\t\t\t\t\t\t\t<img decoding=\"async\" width=\"800\" height=\"800\" src=\"https:\/\/www.crealith.be\/wp-content\/uploads\/2026\/02\/rond_gris_clair-1024x1024.png\" class=\"attachment-large size-large wp-image-4484\" alt=\"\" srcset=\"https:\/\/www.crealith.be\/wp-content\/uploads\/2026\/02\/rond_gris_clair-1024x1024.png 1024w, https:\/\/www.crealith.be\/wp-content\/uploads\/2026\/02\/rond_gris_clair-300x300.png 300w, https:\/\/www.crealith.be\/wp-content\/uploads\/2026\/02\/rond_gris_clair-150x150.png 150w, https:\/\/www.crealith.be\/wp-content\/uploads\/2026\/02\/rond_gris_clair-768x768.png 768w, https:\/\/www.crealith.be\/wp-content\/uploads\/2026\/02\/rond_gris_clair-1536x1536.png 1536w, https:\/\/www.crealith.be\/wp-content\/uploads\/2026\/02\/rond_gris_clair-600x600.png 600w, https:\/\/www.crealith.be\/wp-content\/uploads\/2026\/02\/rond_gris_clair-100x100.png 100w, https:\/\/www.crealith.be\/wp-content\/uploads\/2026\/02\/rond_gris_clair.png 1684w\" sizes=\"(max-width: 800px) 100vw, 800px\" \/>\t\t\t\t\t\t\t\t\t\t\t\t\t\t\t<\/div>\n\t\t\t\t<\/div>\n\t\t\t\t<\/div>\n\t\t","protected":false},"excerpt":{"rendered":"<p>Sichere und langlebige Duschtassen mit optimaler Entw\u00e4sserung Langlebige und mit optimaler Entw\u00e4sserung. Unsere Duschtassen aus Kunststein erf\u00fcllen h\u00f6chste Anforderungen in Bezug auf Sicherheit, Langlebigkeit und Nutzungskomfort. Sie entsprechen den jeweils geltenden Normen der einzelnen L\u00e4nder zur Rutschfestigkeit und sorgen f\u00fcr eine sichere Nutzung, auch in stark frequentierten Bereichen wie Hotels, Sporteinrichtungen oder Pflegebetrieben. Die pr\u00e4zise [&hellip;]<\/p>\n","protected":false},"author":1,"featured_media":0,"parent":4743,"menu_order":0,"comment_status":"closed","ping_status":"closed","template":"","meta":{"_acf_changed":false,"footnotes":""},"class_list":["post-4766","page","type-page","status-publish","hentry"],"acf":[],"_links":{"self":[{"href":"https:\/\/www.crealith.be\/de\/wp-json\/wp\/v2\/pages\/4766","targetHints":{"allow":["GET"]}}],"collection":[{"href":"https:\/\/www.crealith.be\/de\/wp-json\/wp\/v2\/pages"}],"about":[{"href":"https:\/\/www.crealith.be\/de\/wp-json\/wp\/v2\/types\/page"}],"author":[{"embeddable":true,"href":"https:\/\/www.crealith.be\/de\/wp-json\/wp\/v2\/users\/1"}],"replies":[{"embeddable":true,"href":"https:\/\/www.crealith.be\/de\/wp-json\/wp\/v2\/comments?post=4766"}],"version-history":[{"count":9,"href":"https:\/\/www.crealith.be\/de\/wp-json\/wp\/v2\/pages\/4766\/revisions"}],"predecessor-version":[{"id":6916,"href":"https:\/\/www.crealith.be\/de\/wp-json\/wp\/v2\/pages\/4766\/revisions\/6916"}],"up":[{"embeddable":true,"href":"https:\/\/www.crealith.be\/de\/wp-json\/wp\/v2\/pages\/4743"}],"wp:attachment":[{"href":"https:\/\/www.crealith.be\/de\/wp-json\/wp\/v2\/media?parent=4766"}],"curies":[{"name":"wp","href":"https:\/\/api.w.org\/{rel}","templated":true}]}}