{"id":4770,"date":"2026-02-05T13:36:13","date_gmt":"2026-02-05T13:36:13","guid":{"rendered":"https:\/\/crealith.cloud02.visible.be\/produkte\/ablagen\/"},"modified":"2026-03-25T09:34:21","modified_gmt":"2026-03-25T09:34:21","slug":"ablagen","status":"publish","type":"page","link":"https:\/\/www.crealith.be\/de\/produkte\/ablagen\/","title":{"rendered":"Ablagen"},"content":{"rendered":"\t\t<div data-elementor-type=\"wp-page\" data-elementor-id=\"4770\" class=\"elementor elementor-4770 elementor-4195\" data-elementor-post-type=\"page\">\n\t\t\t\t<div class=\"elementor-element elementor-element-3285d1a6 e-con-full e-flex elementor-invisible e-con e-parent\" data-id=\"3285d1a6\" data-element_type=\"container\" data-e-type=\"container\" data-settings=\"{&quot;animation&quot;:&quot;fadeInUp&quot;}\">\n\t\t<div class=\"elementor-element elementor-element-21ae4cc7 e-flex e-con-boxed e-con e-child\" data-id=\"21ae4cc7\" data-element_type=\"container\" data-e-type=\"container\">\n\t\t\t\t\t<div class=\"e-con-inner\">\n\t\t<div class=\"elementor-element elementor-element-58b682d8 e-con-full e-flex e-con e-child\" data-id=\"58b682d8\" data-element_type=\"container\" data-e-type=\"container\">\n\t\t<div class=\"elementor-element elementor-element-5c006bd6 e-con-full e-flex e-con e-child\" data-id=\"5c006bd6\" data-element_type=\"container\" data-e-type=\"container\">\n\t\t\t\t<div class=\"elementor-element elementor-element-7cc145a2 elementor-widget elementor-widget-heading\" data-id=\"7cc145a2\" data-element_type=\"widget\" data-e-type=\"widget\" data-widget_type=\"heading.default\">\n\t\t\t\t\t<h1 class=\"elementor-heading-title elementor-size-default\">Sanit\u00e4rablagen mit hochwertiger Verarbeitung <\/h1>\t\t\t\t<\/div>\n\t\t\t\t<div class=\"elementor-element elementor-element-7e8d0a44 elementor-widget elementor-widget-text-editor\" data-id=\"7e8d0a44\" data-element_type=\"widget\" data-e-type=\"widget\" data-widget_type=\"text-editor.default\">\n\t\t\t\t\t\t\t\t\t<p>Die Sanit\u00e4rablagen aus Kunststein von Crealith bieten eine funktionale und zugleich \u00e4sthetische L\u00f6sung f\u00fcr alle Hygienebereiche, sei es in Hotels, \u00f6ffentlichen Einrichtungen oder privaten Wohnr\u00e4umen. Ob oberhalb von Waschbecken oder Waschtischen f\u00fcr Becher und Accessoires, \u00fcber der Toilette f\u00fcr Alltagsutensilien oder unter dem Waschtisch f\u00fcr zus\u00e4tzlichen Stauraum, sie optimieren die Organisation und sorgen f\u00fcr ein harmonisches Gesamtbild.<\/p>\n<p>Dank der gro\u00dfen Auswahl an Formen lassen sich unsere Ablagen perfekt mit unseren Waschbecken und Waschtischen kombinieren und f\u00fcgen sich stimmig in jedes Badkonzept ein. Das widerstandsf\u00e4hige, porenfreie und pflegeleichte Material gew\u00e4hrleistet eine einwandfreie Hygiene, selbst bei intensiver Nutzung.<\/p>\n\t\t\t\t\t\t\t\t<\/div>\n\t\t\t\t<\/div>\n\t\t\t\t<\/div>\n\t\t<div class=\"elementor-element elementor-element-64d28b9b e-con-full e-transform e-flex e-con e-child\" data-id=\"64d28b9b\" data-element_type=\"container\" data-e-type=\"container\" data-settings=\"{&quot;_transform_translateX_effect_laptop&quot;:{&quot;unit&quot;:&quot;px&quot;,&quot;size&quot;:18,&quot;sizes&quot;:[]},&quot;_transform_translateX_effect_tablet_extra&quot;:{&quot;unit&quot;:&quot;px&quot;,&quot;size&quot;:15,&quot;sizes&quot;:[]},&quot;_transform_translateX_effect_tablet&quot;:{&quot;unit&quot;:&quot;px&quot;,&quot;size&quot;:36,&quot;sizes&quot;:[]},&quot;_transform_translateX_effect_mobile&quot;:{&quot;unit&quot;:&quot;px&quot;,&quot;size&quot;:0,&quot;sizes&quot;:[]},&quot;_transform_translateX_effect&quot;:{&quot;unit&quot;:&quot;px&quot;,&quot;size&quot;:&quot;&quot;,&quot;sizes&quot;:[]},&quot;_transform_translateX_effect_widescreen&quot;:{&quot;unit&quot;:&quot;px&quot;,&quot;size&quot;:&quot;&quot;,&quot;sizes&quot;:[]},&quot;_transform_translateX_effect_mobile_extra&quot;:{&quot;unit&quot;:&quot;px&quot;,&quot;size&quot;:&quot;&quot;,&quot;sizes&quot;:[]},&quot;_transform_translateY_effect&quot;:{&quot;unit&quot;:&quot;px&quot;,&quot;size&quot;:&quot;&quot;,&quot;sizes&quot;:[]},&quot;_transform_translateY_effect_widescreen&quot;:{&quot;unit&quot;:&quot;px&quot;,&quot;size&quot;:&quot;&quot;,&quot;sizes&quot;:[]},&quot;_transform_translateY_effect_laptop&quot;:{&quot;unit&quot;:&quot;px&quot;,&quot;size&quot;:&quot;&quot;,&quot;sizes&quot;:[]},&quot;_transform_translateY_effect_tablet_extra&quot;:{&quot;unit&quot;:&quot;px&quot;,&quot;size&quot;:&quot;&quot;,&quot;sizes&quot;:[]},&quot;_transform_translateY_effect_tablet&quot;:{&quot;unit&quot;:&quot;px&quot;,&quot;size&quot;:&quot;&quot;,&quot;sizes&quot;:[]},&quot;_transform_translateY_effect_mobile_extra&quot;:{&quot;unit&quot;:&quot;px&quot;,&quot;size&quot;:&quot;&quot;,&quot;sizes&quot;:[]},&quot;_transform_translateY_effect_mobile&quot;:{&quot;unit&quot;:&quot;px&quot;,&quot;size&quot;:&quot;&quot;,&quot;sizes&quot;:[]}}\">\n\t\t\t\t<div class=\"elementor-element elementor-element-6a732851 elementor-widget elementor-widget-image\" data-id=\"6a732851\" data-element_type=\"widget\" data-e-type=\"widget\" data-widget_type=\"image.default\">\n\t\t\t\t\t\t\t\t\t\t\t\t\t\t\t<img fetchpriority=\"high\" decoding=\"async\" width=\"800\" height=\"1000\" src=\"https:\/\/www.crealith.be\/wp-content\/uploads\/2026\/03\/tablette-vasque-819x1024.jpg\" class=\"attachment-large size-large wp-image-6764\" alt=\"Waschtisch und Waschtischplatte\" srcset=\"https:\/\/www.crealith.be\/wp-content\/uploads\/2026\/03\/tablette-vasque-819x1024.jpg 819w, https:\/\/www.crealith.be\/wp-content\/uploads\/2026\/03\/tablette-vasque-240x300.jpg 240w, https:\/\/www.crealith.be\/wp-content\/uploads\/2026\/03\/tablette-vasque-768x960.jpg 768w, https:\/\/www.crealith.be\/wp-content\/uploads\/2026\/03\/tablette-vasque-1229x1536.jpg 1229w, https:\/\/www.crealith.be\/wp-content\/uploads\/2026\/03\/tablette-vasque-600x750.jpg 600w, https:\/\/www.crealith.be\/wp-content\/uploads\/2026\/03\/tablette-vasque.jpg 1440w\" sizes=\"(max-width: 800px) 100vw, 800px\" \/>\t\t\t\t\t\t\t\t\t\t\t\t\t\t\t<\/div>\n\t\t\t\t<\/div>\n\t\t\t\t\t<\/div>\n\t\t\t\t<\/div>\n\t\t\t\t<\/div>\n\t\t<div class=\"elementor-element elementor-element-47f3a57 e-con-full e-flex e-con e-parent\" data-id=\"47f3a57\" data-element_type=\"container\" data-e-type=\"container\">\n\t\t\t\t<div class=\"elementor-element elementor-element-5b9f9632 cercle-bas-gauche elementor-widget elementor-widget-image\" data-id=\"5b9f9632\" data-element_type=\"widget\" data-e-type=\"widget\" data-widget_type=\"image.default\">\n\t\t\t\t\t\t\t\t\t\t\t\t\t\t\t<img decoding=\"async\" width=\"800\" height=\"800\" src=\"https:\/\/www.crealith.be\/wp-content\/uploads\/2026\/02\/rond_gris_clair-1024x1024.png\" class=\"attachment-large size-large wp-image-4484\" alt=\"\" srcset=\"https:\/\/www.crealith.be\/wp-content\/uploads\/2026\/02\/rond_gris_clair-1024x1024.png 1024w, https:\/\/www.crealith.be\/wp-content\/uploads\/2026\/02\/rond_gris_clair-300x300.png 300w, https:\/\/www.crealith.be\/wp-content\/uploads\/2026\/02\/rond_gris_clair-150x150.png 150w, https:\/\/www.crealith.be\/wp-content\/uploads\/2026\/02\/rond_gris_clair-768x768.png 768w, https:\/\/www.crealith.be\/wp-content\/uploads\/2026\/02\/rond_gris_clair-1536x1536.png 1536w, https:\/\/www.crealith.be\/wp-content\/uploads\/2026\/02\/rond_gris_clair-600x600.png 600w, https:\/\/www.crealith.be\/wp-content\/uploads\/2026\/02\/rond_gris_clair-100x100.png 100w, https:\/\/www.crealith.be\/wp-content\/uploads\/2026\/02\/rond_gris_clair.png 1684w\" sizes=\"(max-width: 800px) 100vw, 800px\" \/>\t\t\t\t\t\t\t\t\t\t\t\t\t\t\t<\/div>\n\t\t\t\t<\/div>\n\t\t\t\t<\/div>\n\t\t","protected":false},"excerpt":{"rendered":"<p>Sanit\u00e4rablagen mit hochwertiger Verarbeitung Die Sanit\u00e4rablagen aus Kunststein von Crealith bieten eine funktionale und zugleich \u00e4sthetische L\u00f6sung f\u00fcr alle Hygienebereiche, sei es in Hotels, \u00f6ffentlichen Einrichtungen oder privaten Wohnr\u00e4umen. Ob oberhalb von Waschbecken oder Waschtischen f\u00fcr Becher und Accessoires, \u00fcber der Toilette f\u00fcr Alltagsutensilien oder unter dem Waschtisch f\u00fcr zus\u00e4tzlichen Stauraum, sie optimieren die Organisation [&hellip;]<\/p>\n","protected":false},"author":1,"featured_media":0,"parent":4743,"menu_order":0,"comment_status":"closed","ping_status":"closed","template":"","meta":{"_acf_changed":false,"footnotes":""},"class_list":["post-4770","page","type-page","status-publish","hentry"],"acf":[],"_links":{"self":[{"href":"https:\/\/www.crealith.be\/de\/wp-json\/wp\/v2\/pages\/4770","targetHints":{"allow":["GET"]}}],"collection":[{"href":"https:\/\/www.crealith.be\/de\/wp-json\/wp\/v2\/pages"}],"about":[{"href":"https:\/\/www.crealith.be\/de\/wp-json\/wp\/v2\/types\/page"}],"author":[{"embeddable":true,"href":"https:\/\/www.crealith.be\/de\/wp-json\/wp\/v2\/users\/1"}],"replies":[{"embeddable":true,"href":"https:\/\/www.crealith.be\/de\/wp-json\/wp\/v2\/comments?post=4770"}],"version-history":[{"count":9,"href":"https:\/\/www.crealith.be\/de\/wp-json\/wp\/v2\/pages\/4770\/revisions"}],"predecessor-version":[{"id":6919,"href":"https:\/\/www.crealith.be\/de\/wp-json\/wp\/v2\/pages\/4770\/revisions\/6919"}],"up":[{"embeddable":true,"href":"https:\/\/www.crealith.be\/de\/wp-json\/wp\/v2\/pages\/4743"}],"wp:attachment":[{"href":"https:\/\/www.crealith.be\/de\/wp-json\/wp\/v2\/media?parent=4770"}],"curies":[{"name":"wp","href":"https:\/\/api.w.org\/{rel}","templated":true}]}}