{"id":5619,"date":"2026-01-22T14:42:22","date_gmt":"2026-01-22T14:42:22","guid":{"rendered":"https:\/\/crealith.cloud02.visible.be\/aktuelles\/"},"modified":"2026-03-25T08:57:48","modified_gmt":"2026-03-25T08:57:48","slug":"aktuelles","status":"publish","type":"page","link":"https:\/\/www.crealith.be\/de\/aktuelles\/","title":{"rendered":"Aktuelles."},"content":{"rendered":"\t\t<div data-elementor-type=\"wp-page\" data-elementor-id=\"5619\" class=\"elementor elementor-5619 elementor-763\" data-elementor-post-type=\"page\">\n\t\t\t\t<div class=\"elementor-element elementor-element-245579d e-flex e-con-boxed elementor-invisible e-con e-parent\" data-id=\"245579d\" data-element_type=\"container\" data-e-type=\"container\" data-settings=\"{&quot;animation&quot;:&quot;fadeInUp&quot;}\">\n\t\t\t\t\t<div class=\"e-con-inner\">\n\t\t<div class=\"elementor-element elementor-element-53a77f1 e-con-full e-flex e-con e-child\" data-id=\"53a77f1\" data-element_type=\"container\" data-e-type=\"container\">\n\t\t\t\t<div class=\"elementor-element elementor-element-53f459c elementor-widget elementor-widget-heading\" data-id=\"53f459c\" data-element_type=\"widget\" data-e-type=\"widget\" data-widget_type=\"heading.default\">\n\t\t\t\t\t<h1 class=\"elementor-heading-title elementor-size-default\">Aktuelles<\/h1>\t\t\t\t<\/div>\n\t\t\t\t<div class=\"elementor-element elementor-element-6cb4215 elementor-widget elementor-widget-heading\" data-id=\"6cb4215\" data-element_type=\"widget\" data-e-type=\"widget\" data-widget_type=\"heading.default\">\n\t\t\t\t\t<h2 class=\"elementor-heading-title elementor-size-default\">Willkommen in der Welt von Crealith<\/h2>\t\t\t\t<\/div>\n\t\t\t\t<div class=\"elementor-element elementor-element-641de08 elementor-icon-list--layout-traditional elementor-list-item-link-full_width elementor-widget elementor-widget-icon-list\" data-id=\"641de08\" data-element_type=\"widget\" data-e-type=\"widget\" data-widget_type=\"icon-list.default\">\n\t\t\t\t\t\t\t<ul class=\"elementor-icon-list-items\">\n\t\t\t\t\t\t\t<li class=\"elementor-icon-list-item\">\n\t\t\t\t\t\t\t\t\t\t\t<span class=\"elementor-icon-list-icon\">\n\t\t\t\t\t\t\t<svg aria-hidden=\"true\" class=\"e-font-icon-svg e-far-window-minimize\" viewBox=\"0 0 512 512\" xmlns=\"http:\/\/www.w3.org\/2000\/svg\"><path d=\"M480 480H32c-17.7 0-32-14.3-32-32s14.3-32 32-32h448c17.7 0 32 14.3 32 32s-14.3 32-32 32z\"><\/path><\/svg>\t\t\t\t\t\t<\/span>\n\t\t\t\t\t\t\t\t\t\t<span class=\"elementor-icon-list-text\">Entdecken Sie hier alle Neuigkeiten und Highlights von Crealith (ehemals MPI).<\/span>\n\t\t\t\t\t\t\t\t\t<\/li>\n\t\t\t\t\t\t<\/ul>\n\t\t\t\t\t\t<\/div>\n\t\t\t\t<div class=\"elementor-element elementor-element-b759d3c elementor-widget elementor-widget-text-editor\" data-id=\"b759d3c\" data-element_type=\"widget\" data-e-type=\"widget\" data-widget_type=\"text-editor.default\">\n\t\t\t\t\t\t\t\t\t<p>Von unseren innovativen Projekten \u00fcber unsere Teilnahme an internationalen Veranstaltungen bis hin zu unseren strategischen Ank\u00fcndigungen und unserer Markenentwicklung \u2013 auf dieser Seite halten wir Sie \u00fcber die Initiativen und Entwicklungen auf dem Laufenden, die unsere Vision und unser Engagement in den Bereichen Sanit\u00e4r (Waschbecken, Waschtische, Duschen, Ablagen), Designerm\u00f6bel, Kunstreproduktionen und andere Accessoires pr\u00e4gen.<\/p>\n<p>Bleiben Sie dran, um unsere Neuheiten, Partnerschaften und Meilensteine zu verfolgen.<\/p>\n\t\t\t\t\t\t\t\t<\/div>\n\t\t\t\t<\/div>\n\t\t<div class=\"elementor-element elementor-element-dd56923 e-con-full e-flex e-con e-child\" data-id=\"dd56923\" data-element_type=\"container\" data-e-type=\"container\">\n\t\t<div class=\"elementor-element elementor-element-6251965 e-con-full e-flex e-con e-child\" data-id=\"6251965\" data-element_type=\"container\" data-e-type=\"container\">\n\t\t\t\t<div class=\"elementor-element elementor-element-25bacb0 elementor-grid-tablet_extra-2 elementor-grid-3 elementor-grid-tablet-2 elementor-grid-mobile-1 elementor-widget elementor-widget-loop-grid\" data-id=\"25bacb0\" data-element_type=\"widget\" data-e-type=\"widget\" data-settings=\"{&quot;template_id&quot;:1070,&quot;columns_tablet_extra&quot;:2,&quot;pagination_type&quot;:&quot;load_more_on_click&quot;,&quot;_skin&quot;:&quot;post&quot;,&quot;columns&quot;:&quot;3&quot;,&quot;columns_tablet&quot;:&quot;2&quot;,&quot;columns_mobile&quot;:&quot;1&quot;,&quot;edit_handle_selector&quot;:&quot;[data-elementor-type=\\&quot;loop-item\\&quot;]&quot;,&quot;load_more_spinner&quot;:{&quot;value&quot;:&quot;fas fa-spinner&quot;,&quot;library&quot;:&quot;fa-solid&quot;},&quot;row_gap&quot;:{&quot;unit&quot;:&quot;px&quot;,&quot;size&quot;:&quot;&quot;,&quot;sizes&quot;:[]},&quot;row_gap_widescreen&quot;:{&quot;unit&quot;:&quot;px&quot;,&quot;size&quot;:&quot;&quot;,&quot;sizes&quot;:[]},&quot;row_gap_laptop&quot;:{&quot;unit&quot;:&quot;px&quot;,&quot;size&quot;:&quot;&quot;,&quot;sizes&quot;:[]},&quot;row_gap_tablet_extra&quot;:{&quot;unit&quot;:&quot;px&quot;,&quot;size&quot;:&quot;&quot;,&quot;sizes&quot;:[]},&quot;row_gap_tablet&quot;:{&quot;unit&quot;:&quot;px&quot;,&quot;size&quot;:&quot;&quot;,&quot;sizes&quot;:[]},&quot;row_gap_mobile_extra&quot;:{&quot;unit&quot;:&quot;px&quot;,&quot;size&quot;:&quot;&quot;,&quot;sizes&quot;:[]},&quot;row_gap_mobile&quot;:{&quot;unit&quot;:&quot;px&quot;,&quot;size&quot;:&quot;&quot;,&quot;sizes&quot;:[]}}\" data-widget_type=\"loop-grid.post\">\n\t\t\t\t<div class=\"elementor-widget-container\">\n\t\t\t\t\t\t\t<div class=\"elementor-loop-container elementor-grid\" role=\"list\">\n\t\t<style id=\"loop-dynamic-1070\">.e-loop-item-6241 .elementor-element.elementor-element-7e87501:not(.elementor-motion-effects-element-type-background), .e-loop-item-6241 .elementor-element.elementor-element-7e87501 > .elementor-motion-effects-container > .elementor-motion-effects-layer{background-image:url(\"https:\/\/www.crealith.be\/wp-content\/uploads\/2026\/02\/Rebranding_annonce_crealith_mpi.png\");}<\/style><style id=\"loop-1070\">.elementor-1070 .elementor-element.elementor-element-4fd49c0{--display:flex;--flex-direction:column;--container-widget-width:100%;--container-widget-height:initial;--container-widget-flex-grow:0;--container-widget-align-self:initial;--flex-wrap-mobile:wrap;}.elementor-1070 .elementor-element.elementor-element-7e87501{--display:flex;--min-height:300px;--justify-content:center;--gap:30px 30px;--row-gap:30px;--column-gap:30px;--overlay-opacity:0.75;--border-radius:1000px 1000px 1000px 1000px;--padding-top:0px;--padding-bottom:0px;--padding-left:40px;--padding-right:40px;}.elementor-1070 .elementor-element.elementor-element-7e87501:not(.elementor-motion-effects-element-type-background), .elementor-1070 .elementor-element.elementor-element-7e87501 > .elementor-motion-effects-container > .elementor-motion-effects-layer{background-color:var( --e-global-color-primary );background-position:center center;background-repeat:no-repeat;background-size:cover;}.elementor-1070 .elementor-element.elementor-element-7e87501::before, .elementor-1070 .elementor-element.elementor-element-7e87501 > .elementor-background-video-container::before, .elementor-1070 .elementor-element.elementor-element-7e87501 > .e-con-inner > .elementor-background-video-container::before, .elementor-1070 .elementor-element.elementor-element-7e87501 > .elementor-background-slideshow::before, .elementor-1070 .elementor-element.elementor-element-7e87501 > .e-con-inner > .elementor-background-slideshow::before, .elementor-1070 .elementor-element.elementor-element-7e87501 > .elementor-motion-effects-container > .elementor-motion-effects-layer::before{--background-overlay:'';background-color:#2D374B;}.elementor-1070 .elementor-element.elementor-element-7e87501:hover::before, .elementor-1070 .elementor-element.elementor-element-7e87501:hover > .elementor-background-video-container::before, .elementor-1070 .elementor-element.elementor-element-7e87501:hover > .e-con-inner > .elementor-background-video-container::before, .elementor-1070 .elementor-element.elementor-element-7e87501 > .elementor-background-slideshow:hover::before, .elementor-1070 .elementor-element.elementor-element-7e87501 > .e-con-inner > .elementor-background-slideshow:hover::before{--background-overlay:'';background-color:var( --e-global-color-9e58747 );}.elementor-1070 .elementor-element.elementor-element-7e87501:hover{--overlay-opacity:0.5;}.elementor-1070 .elementor-element.elementor-element-4080526{text-align:center;}.elementor-1070 .elementor-element.elementor-element-4080526 .elementor-heading-title{font-weight:700;color:var( --e-global-color-da0a315 );}.elementor-1070 .elementor-element.elementor-element-24bde16 .elementor-icon-wrapper{text-align:center;}.elementor-1070 .elementor-element.elementor-element-24bde16 .elementor-icon{font-size:40px;}.elementor-1070 .elementor-element.elementor-element-24bde16 .elementor-icon svg{height:40px;}\/* Start custom CSS for container, class: .elementor-element-7e87501 *\/.elementor-1070 .elementor-element.elementor-element-7e87501{\n    aspect-ratio: 1;\n    display: grid;\n    place-content: center   ;\n}\/* End custom CSS *\/<\/style>\t\t<div data-elementor-type=\"loop-item\" data-elementor-id=\"1070\" class=\"elementor elementor-1070 e-loop-item e-loop-item-6241 post-6241 post type-post status-publish format-standard has-post-thumbnail hentry category-nicht-kategorisiert\" data-elementor-post-type=\"elementor_library\" data-custom-edit-handle=\"1\">\n\t\t\t<div class=\"elementor-element elementor-element-4fd49c0 e-flex e-con-boxed e-con e-parent\" data-id=\"4fd49c0\" data-element_type=\"container\" data-e-type=\"container\">\n\t\t\t\t\t<div class=\"e-con-inner\">\n\t\t<div class=\"elementor-element elementor-element-7e87501 e-con-full e-flex e-con e-child\" data-id=\"7e87501\" data-element_type=\"container\" data-e-type=\"container\" data-settings=\"{&quot;background_background&quot;:&quot;classic&quot;}\">\n\t\t\t\t<div class=\"elementor-element elementor-element-4080526 elementor-widget elementor-widget-heading\" data-id=\"4080526\" data-element_type=\"widget\" data-e-type=\"widget\" data-widget_type=\"heading.default\">\n\t\t\t\t\t<h4 class=\"elementor-heading-title elementor-size-default\"><a href=\"https:\/\/www.crealith.be\/de\/2026\/02\/23\/mpi-wird-zu-crealith\/\">MPI wird zu CREALITH<\/a><\/h4>\t\t\t\t<\/div>\n\t\t\t\t<div class=\"elementor-element elementor-element-24bde16 elementor-view-default elementor-widget elementor-widget-icon\" data-id=\"24bde16\" data-element_type=\"widget\" data-e-type=\"widget\" data-widget_type=\"icon.default\">\n\t\t\t\t\t\t\t<div class=\"elementor-icon-wrapper\">\n\t\t\t<a class=\"elementor-icon\" href=\"https:\/\/www.crealith.be\/de\/2026\/02\/23\/mpi-wird-zu-crealith\/\">\n\t\t\t<svg xmlns=\"http:\/\/www.w3.org\/2000\/svg\" width=\"40\" height=\"40\" viewBox=\"0 0 40 40\" fill=\"none\"><path d=\"M19.9999 13.333V26.6663M13.3333 19.9997H26.6666M36.6666 19.9997C36.6666 29.2044 29.2047 36.6663 19.9999 36.6663C10.7952 36.6663 3.33325 29.2044 3.33325 19.9997C3.33325 10.7949 10.7952 3.33301 19.9999 3.33301C29.2047 3.33301 36.6666 10.7949 36.6666 19.9997Z\" stroke=\"white\" stroke-linecap=\"round\" stroke-linejoin=\"round\"><\/path><\/svg>\t\t\t<\/a>\n\t\t<\/div>\n\t\t\t\t\t\t<\/div>\n\t\t\t\t<\/div>\n\t\t\t\t\t<\/div>\n\t\t\t\t<\/div>\n\t\t\t\t<\/div>\n\t\t<style id=\"loop-dynamic-1070\">.e-loop-item-4973 .elementor-element.elementor-element-7e87501:not(.elementor-motion-effects-element-type-background), .e-loop-item-4973 .elementor-element.elementor-element-7e87501 > .elementor-motion-effects-container > .elementor-motion-effects-layer{background-image:url(\"https:\/\/www.crealith.be\/wp-content\/uploads\/2026\/01\/Crealith_SHKE_Essen.jpg\");}<\/style>\t\t<div data-elementor-type=\"loop-item\" data-elementor-id=\"1070\" class=\"elementor elementor-1070 e-loop-item e-loop-item-4973 post-4973 post type-post status-publish format-standard has-post-thumbnail hentry category-nicht-kategorisiert\" data-elementor-post-type=\"elementor_library\" data-custom-edit-handle=\"1\">\n\t\t\t<div class=\"elementor-element elementor-element-4fd49c0 e-flex e-con-boxed e-con e-parent\" data-id=\"4fd49c0\" data-element_type=\"container\" data-e-type=\"container\">\n\t\t\t\t\t<div class=\"e-con-inner\">\n\t\t<div class=\"elementor-element elementor-element-7e87501 e-con-full e-flex e-con e-child\" data-id=\"7e87501\" data-element_type=\"container\" data-e-type=\"container\" data-settings=\"{&quot;background_background&quot;:&quot;classic&quot;}\">\n\t\t\t\t<div class=\"elementor-element elementor-element-4080526 elementor-widget elementor-widget-heading\" data-id=\"4080526\" data-element_type=\"widget\" data-e-type=\"widget\" data-widget_type=\"heading.default\">\n\t\t\t\t\t<h4 class=\"elementor-heading-title elementor-size-default\"><a href=\"https:\/\/www.crealith.be\/de\/2026\/01\/28\/crealith-laedt-sie-zur-shke-nach-essen-ein\/\">Crealith l\u00e4dt Sie zur SHK+E nach Essen ein!<\/a><\/h4>\t\t\t\t<\/div>\n\t\t\t\t<div class=\"elementor-element elementor-element-24bde16 elementor-view-default elementor-widget elementor-widget-icon\" data-id=\"24bde16\" data-element_type=\"widget\" data-e-type=\"widget\" data-widget_type=\"icon.default\">\n\t\t\t\t\t\t\t<div class=\"elementor-icon-wrapper\">\n\t\t\t<a class=\"elementor-icon\" href=\"https:\/\/www.crealith.be\/de\/2026\/01\/28\/crealith-laedt-sie-zur-shke-nach-essen-ein\/\">\n\t\t\t<svg xmlns=\"http:\/\/www.w3.org\/2000\/svg\" width=\"40\" height=\"40\" viewBox=\"0 0 40 40\" fill=\"none\"><path d=\"M19.9999 13.333V26.6663M13.3333 19.9997H26.6666M36.6666 19.9997C36.6666 29.2044 29.2047 36.6663 19.9999 36.6663C10.7952 36.6663 3.33325 29.2044 3.33325 19.9997C3.33325 10.7949 10.7952 3.33301 19.9999 3.33301C29.2047 3.33301 36.6666 10.7949 36.6666 19.9997Z\" stroke=\"white\" stroke-linecap=\"round\" stroke-linejoin=\"round\"><\/path><\/svg>\t\t\t<\/a>\n\t\t<\/div>\n\t\t\t\t\t\t<\/div>\n\t\t\t\t<\/div>\n\t\t\t\t\t<\/div>\n\t\t\t\t<\/div>\n\t\t\t\t<\/div>\n\t\t<style id=\"loop-dynamic-1070\">.e-loop-item-6153 .elementor-element.elementor-element-7e87501:not(.elementor-motion-effects-element-type-background), .e-loop-item-6153 .elementor-element.elementor-element-7e87501 > .elementor-motion-effects-container > .elementor-motion-effects-layer{background-image:url(\"https:\/\/www.crealith.be\/wp-content\/uploads\/2026\/01\/ArchiPro-2026-1.jpg\");}<\/style>\t\t<div data-elementor-type=\"loop-item\" data-elementor-id=\"1070\" class=\"elementor elementor-1070 e-loop-item e-loop-item-6153 post-6153 post type-post status-publish format-standard has-post-thumbnail hentry category-nicht-kategorisiert\" data-elementor-post-type=\"elementor_library\" data-custom-edit-handle=\"1\">\n\t\t\t<div class=\"elementor-element elementor-element-4fd49c0 e-flex e-con-boxed e-con e-parent\" data-id=\"4fd49c0\" data-element_type=\"container\" data-e-type=\"container\">\n\t\t\t\t\t<div class=\"e-con-inner\">\n\t\t<div class=\"elementor-element elementor-element-7e87501 e-con-full e-flex e-con e-child\" data-id=\"7e87501\" data-element_type=\"container\" data-e-type=\"container\" data-settings=\"{&quot;background_background&quot;:&quot;classic&quot;}\">\n\t\t\t\t<div class=\"elementor-element elementor-element-4080526 elementor-widget elementor-widget-heading\" data-id=\"4080526\" data-element_type=\"widget\" data-e-type=\"widget\" data-widget_type=\"heading.default\">\n\t\t\t\t\t<h4 class=\"elementor-heading-title elementor-size-default\"><a href=\"https:\/\/www.crealith.be\/de\/2026\/01\/26\/archipro-30-september-bis-1-oktober-2026\/\">ArchiPro: 30. September bis 1. Oktober 2026<\/a><\/h4>\t\t\t\t<\/div>\n\t\t\t\t<div class=\"elementor-element elementor-element-24bde16 elementor-view-default elementor-widget elementor-widget-icon\" data-id=\"24bde16\" data-element_type=\"widget\" data-e-type=\"widget\" data-widget_type=\"icon.default\">\n\t\t\t\t\t\t\t<div class=\"elementor-icon-wrapper\">\n\t\t\t<a class=\"elementor-icon\" href=\"https:\/\/www.crealith.be\/de\/2026\/01\/26\/archipro-30-september-bis-1-oktober-2026\/\">\n\t\t\t<svg xmlns=\"http:\/\/www.w3.org\/2000\/svg\" width=\"40\" height=\"40\" viewBox=\"0 0 40 40\" fill=\"none\"><path d=\"M19.9999 13.333V26.6663M13.3333 19.9997H26.6666M36.6666 19.9997C36.6666 29.2044 29.2047 36.6663 19.9999 36.6663C10.7952 36.6663 3.33325 29.2044 3.33325 19.9997C3.33325 10.7949 10.7952 3.33301 19.9999 3.33301C29.2047 3.33301 36.6666 10.7949 36.6666 19.9997Z\" stroke=\"white\" stroke-linecap=\"round\" stroke-linejoin=\"round\"><\/path><\/svg>\t\t\t<\/a>\n\t\t<\/div>\n\t\t\t\t\t\t<\/div>\n\t\t\t\t<\/div>\n\t\t\t\t\t<\/div>\n\t\t\t\t<\/div>\n\t\t\t\t<\/div>\n\t\t<style id=\"loop-dynamic-1070\">.e-loop-item-6161 .elementor-element.elementor-element-7e87501:not(.elementor-motion-effects-element-type-background), .e-loop-item-6161 .elementor-element.elementor-element-7e87501 > .elementor-motion-effects-container > .elementor-motion-effects-layer{background-image:url(\"https:\/\/www.crealith.be\/wp-content\/uploads\/2026\/01\/JDE-journee-decouverte-entreprise.jpg\");}<\/style>\t\t<div data-elementor-type=\"loop-item\" data-elementor-id=\"1070\" class=\"elementor elementor-1070 e-loop-item e-loop-item-6161 post-6161 post type-post status-publish format-standard has-post-thumbnail hentry category-nicht-kategorisiert\" data-elementor-post-type=\"elementor_library\" data-custom-edit-handle=\"1\">\n\t\t\t<div class=\"elementor-element elementor-element-4fd49c0 e-flex e-con-boxed e-con e-parent\" data-id=\"4fd49c0\" data-element_type=\"container\" data-e-type=\"container\">\n\t\t\t\t\t<div class=\"e-con-inner\">\n\t\t<div class=\"elementor-element elementor-element-7e87501 e-con-full e-flex e-con e-child\" data-id=\"7e87501\" data-element_type=\"container\" data-e-type=\"container\" data-settings=\"{&quot;background_background&quot;:&quot;classic&quot;}\">\n\t\t\t\t<div class=\"elementor-element elementor-element-4080526 elementor-widget elementor-widget-heading\" data-id=\"4080526\" data-element_type=\"widget\" data-e-type=\"widget\" data-widget_type=\"heading.default\">\n\t\t\t\t\t<h4 class=\"elementor-heading-title elementor-size-default\"><a href=\"https:\/\/www.crealith.be\/de\/2026\/01\/26\/jde-tag-der-offenen-tuer-4-oktober-2026\/\">JDE \u2013 Tag der offenen T\u00fcr: 4. Oktober 2026<\/a><\/h4>\t\t\t\t<\/div>\n\t\t\t\t<div class=\"elementor-element elementor-element-24bde16 elementor-view-default elementor-widget elementor-widget-icon\" data-id=\"24bde16\" data-element_type=\"widget\" data-e-type=\"widget\" data-widget_type=\"icon.default\">\n\t\t\t\t\t\t\t<div class=\"elementor-icon-wrapper\">\n\t\t\t<a class=\"elementor-icon\" href=\"https:\/\/www.crealith.be\/de\/2026\/01\/26\/jde-tag-der-offenen-tuer-4-oktober-2026\/\">\n\t\t\t<svg xmlns=\"http:\/\/www.w3.org\/2000\/svg\" width=\"40\" height=\"40\" viewBox=\"0 0 40 40\" fill=\"none\"><path d=\"M19.9999 13.333V26.6663M13.3333 19.9997H26.6666M36.6666 19.9997C36.6666 29.2044 29.2047 36.6663 19.9999 36.6663C10.7952 36.6663 3.33325 29.2044 3.33325 19.9997C3.33325 10.7949 10.7952 3.33301 19.9999 3.33301C29.2047 3.33301 36.6666 10.7949 36.6666 19.9997Z\" stroke=\"white\" stroke-linecap=\"round\" stroke-linejoin=\"round\"><\/path><\/svg>\t\t\t<\/a>\n\t\t<\/div>\n\t\t\t\t\t\t<\/div>\n\t\t\t\t<\/div>\n\t\t\t\t\t<\/div>\n\t\t\t\t<\/div>\n\t\t\t\t<\/div>\n\t\t<style id=\"loop-dynamic-1070\">.e-loop-item-6157 .elementor-element.elementor-element-7e87501:not(.elementor-motion-effects-element-type-background), .e-loop-item-6157 .elementor-element.elementor-element-7e87501 > .elementor-motion-effects-container > .elementor-motion-effects-layer{background-image:url(\"https:\/\/www.crealith.be\/wp-content\/uploads\/2026\/01\/EquipHotel-2026-crealith.jpg\");}<\/style>\t\t<div data-elementor-type=\"loop-item\" data-elementor-id=\"1070\" class=\"elementor elementor-1070 e-loop-item e-loop-item-6157 post-6157 post type-post status-publish format-standard has-post-thumbnail hentry category-nicht-kategorisiert\" data-elementor-post-type=\"elementor_library\" data-custom-edit-handle=\"1\">\n\t\t\t<div class=\"elementor-element elementor-element-4fd49c0 e-flex e-con-boxed e-con e-parent\" data-id=\"4fd49c0\" data-element_type=\"container\" data-e-type=\"container\">\n\t\t\t\t\t<div class=\"e-con-inner\">\n\t\t<div class=\"elementor-element elementor-element-7e87501 e-con-full e-flex e-con e-child\" data-id=\"7e87501\" data-element_type=\"container\" data-e-type=\"container\" data-settings=\"{&quot;background_background&quot;:&quot;classic&quot;}\">\n\t\t\t\t<div class=\"elementor-element elementor-element-4080526 elementor-widget elementor-widget-heading\" data-id=\"4080526\" data-element_type=\"widget\" data-e-type=\"widget\" data-widget_type=\"heading.default\">\n\t\t\t\t\t<h4 class=\"elementor-heading-title elementor-size-default\"><a href=\"https:\/\/www.crealith.be\/de\/2026\/01\/26\/equiphotel-paris-vom-2-bis-5-november-2026\/\">Equip\u2019Hotel \u2013 Paris<\/a><\/h4>\t\t\t\t<\/div>\n\t\t\t\t<div class=\"elementor-element elementor-element-24bde16 elementor-view-default elementor-widget elementor-widget-icon\" data-id=\"24bde16\" data-element_type=\"widget\" data-e-type=\"widget\" data-widget_type=\"icon.default\">\n\t\t\t\t\t\t\t<div class=\"elementor-icon-wrapper\">\n\t\t\t<a class=\"elementor-icon\" href=\"https:\/\/www.crealith.be\/de\/2026\/01\/26\/equiphotel-paris-vom-2-bis-5-november-2026\/\">\n\t\t\t<svg xmlns=\"http:\/\/www.w3.org\/2000\/svg\" width=\"40\" height=\"40\" viewBox=\"0 0 40 40\" fill=\"none\"><path d=\"M19.9999 13.333V26.6663M13.3333 19.9997H26.6666M36.6666 19.9997C36.6666 29.2044 29.2047 36.6663 19.9999 36.6663C10.7952 36.6663 3.33325 29.2044 3.33325 19.9997C3.33325 10.7949 10.7952 3.33301 19.9999 3.33301C29.2047 3.33301 36.6666 10.7949 36.6666 19.9997Z\" stroke=\"white\" stroke-linecap=\"round\" stroke-linejoin=\"round\"><\/path><\/svg>\t\t\t<\/a>\n\t\t<\/div>\n\t\t\t\t\t\t<\/div>\n\t\t\t\t<\/div>\n\t\t\t\t\t<\/div>\n\t\t\t\t<\/div>\n\t\t\t\t<\/div>\n\t\t\t\t<\/div>\n\t\t\t\t\t<span class=\"e-load-more-spinner\">\n\t\t\t\t<svg aria-hidden=\"true\" class=\"e-font-icon-svg e-fas-spinner\" viewBox=\"0 0 512 512\" xmlns=\"http:\/\/www.w3.org\/2000\/svg\"><path d=\"M304 48c0 26.51-21.49 48-48 48s-48-21.49-48-48 21.49-48 48-48 48 21.49 48 48zm-48 368c-26.51 0-48 21.49-48 48s21.49 48 48 48 48-21.49 48-48-21.49-48-48-48zm208-208c-26.51 0-48 21.49-48 48s21.49 48 48 48 48-21.49 48-48-21.49-48-48-48zM96 256c0-26.51-21.49-48-48-48S0 229.49 0 256s21.49 48 48 48 48-21.49 48-48zm12.922 99.078c-26.51 0-48 21.49-48 48s21.49 48 48 48 48-21.49 48-48c0-26.509-21.491-48-48-48zm294.156 0c-26.51 0-48 21.49-48 48s21.49 48 48 48 48-21.49 48-48c0-26.509-21.49-48-48-48zM108.922 60.922c-26.51 0-48 21.49-48 48s21.49 48 48 48 48-21.49 48-48-21.491-48-48-48z\"><\/path><\/svg>\t\t\t<\/span>\n\t\t\n\t\t\t\t\t\t<\/div>\n\t\t\t\t<\/div>\n\t\t\t\t<\/div>\n\t\t\t\t<\/div>\n\t\t\t\t\t<\/div>\n\t\t\t\t<\/div>\n\t\t\t\t<\/div>\n\t\t","protected":false},"excerpt":{"rendered":"<p>Aktuelles Willkommen in der Welt von Crealith Entdecken Sie hier alle Neuigkeiten und Highlights von Crealith (ehemals MPI). Von unseren innovativen Projekten \u00fcber unsere Teilnahme an internationalen Veranstaltungen bis hin zu unseren strategischen Ank\u00fcndigungen und unserer Markenentwicklung \u2013 auf dieser Seite halten wir Sie \u00fcber die Initiativen und Entwicklungen auf dem Laufenden, die unsere Vision [&hellip;]<\/p>\n","protected":false},"author":1,"featured_media":0,"parent":0,"menu_order":0,"comment_status":"closed","ping_status":"closed","template":"","meta":{"_acf_changed":false,"footnotes":""},"class_list":["post-5619","page","type-page","status-publish","hentry"],"acf":[],"_links":{"self":[{"href":"https:\/\/www.crealith.be\/de\/wp-json\/wp\/v2\/pages\/5619","targetHints":{"allow":["GET"]}}],"collection":[{"href":"https:\/\/www.crealith.be\/de\/wp-json\/wp\/v2\/pages"}],"about":[{"href":"https:\/\/www.crealith.be\/de\/wp-json\/wp\/v2\/types\/page"}],"author":[{"embeddable":true,"href":"https:\/\/www.crealith.be\/de\/wp-json\/wp\/v2\/users\/1"}],"replies":[{"embeddable":true,"href":"https:\/\/www.crealith.be\/de\/wp-json\/wp\/v2\/comments?post=5619"}],"version-history":[{"count":2,"href":"https:\/\/www.crealith.be\/de\/wp-json\/wp\/v2\/pages\/5619\/revisions"}],"predecessor-version":[{"id":5910,"href":"https:\/\/www.crealith.be\/de\/wp-json\/wp\/v2\/pages\/5619\/revisions\/5910"}],"wp:attachment":[{"href":"https:\/\/www.crealith.be\/de\/wp-json\/wp\/v2\/media?parent=5619"}],"curies":[{"name":"wp","href":"https:\/\/api.w.org\/{rel}","templated":true}]}}