{"id":5632,"date":"2026-01-22T14:42:59","date_gmt":"2026-01-22T14:42:59","guid":{"rendered":"https:\/\/crealith.cloud02.visible.be\/outlet\/"},"modified":"2026-03-25T07:09:30","modified_gmt":"2026-03-25T07:09:30","slug":"outlet","status":"publish","type":"page","link":"https:\/\/www.crealith.be\/de\/outlet\/","title":{"rendered":"Outlet."},"content":{"rendered":"\t\t<div data-elementor-type=\"wp-page\" data-elementor-id=\"5632\" class=\"elementor elementor-5632 elementor-768\" data-elementor-post-type=\"page\">\n\t\t\t\t<div class=\"elementor-element elementor-element-4113ba49 e-con-full e-flex e-con e-parent\" data-id=\"4113ba49\" data-element_type=\"container\" data-e-type=\"container\">\n\t\t<div class=\"elementor-element elementor-element-659ae159 e-con-full elementor-hidden-mobile e-flex elementor-invisible e-con e-child\" data-id=\"659ae159\" data-element_type=\"container\" data-e-type=\"container\" data-settings=\"{&quot;animation&quot;:&quot;fadeInRight&quot;}\">\n\t\t\t\t<div class=\"elementor-element elementor-element-4851fc9d e-transform elementor-widget elementor-widget-image\" data-id=\"4851fc9d\" data-element_type=\"widget\" data-e-type=\"widget\" data-settings=\"{&quot;_transform_translateX_effect&quot;:{&quot;unit&quot;:&quot;px&quot;,&quot;size&quot;:280,&quot;sizes&quot;:[]},&quot;_transform_translateX_effect_widescreen&quot;:{&quot;unit&quot;:&quot;px&quot;,&quot;size&quot;:-6,&quot;sizes&quot;:[]},&quot;_transform_translateX_effect_tablet_extra&quot;:{&quot;unit&quot;:&quot;px&quot;,&quot;size&quot;:409,&quot;sizes&quot;:[]},&quot;_transform_translateX_effect_tablet&quot;:{&quot;unit&quot;:&quot;px&quot;,&quot;size&quot;:490,&quot;sizes&quot;:[]},&quot;_transform_translateX_effect_laptop&quot;:{&quot;unit&quot;:&quot;px&quot;,&quot;size&quot;:&quot;&quot;,&quot;sizes&quot;:[]},&quot;_transform_translateX_effect_mobile_extra&quot;:{&quot;unit&quot;:&quot;px&quot;,&quot;size&quot;:&quot;&quot;,&quot;sizes&quot;:[]},&quot;_transform_translateX_effect_mobile&quot;:{&quot;unit&quot;:&quot;px&quot;,&quot;size&quot;:&quot;&quot;,&quot;sizes&quot;:[]},&quot;_transform_translateY_effect&quot;:{&quot;unit&quot;:&quot;px&quot;,&quot;size&quot;:&quot;&quot;,&quot;sizes&quot;:[]},&quot;_transform_translateY_effect_widescreen&quot;:{&quot;unit&quot;:&quot;px&quot;,&quot;size&quot;:&quot;&quot;,&quot;sizes&quot;:[]},&quot;_transform_translateY_effect_laptop&quot;:{&quot;unit&quot;:&quot;px&quot;,&quot;size&quot;:&quot;&quot;,&quot;sizes&quot;:[]},&quot;_transform_translateY_effect_tablet_extra&quot;:{&quot;unit&quot;:&quot;px&quot;,&quot;size&quot;:&quot;&quot;,&quot;sizes&quot;:[]},&quot;_transform_translateY_effect_tablet&quot;:{&quot;unit&quot;:&quot;px&quot;,&quot;size&quot;:&quot;&quot;,&quot;sizes&quot;:[]},&quot;_transform_translateY_effect_mobile_extra&quot;:{&quot;unit&quot;:&quot;px&quot;,&quot;size&quot;:&quot;&quot;,&quot;sizes&quot;:[]},&quot;_transform_translateY_effect_mobile&quot;:{&quot;unit&quot;:&quot;px&quot;,&quot;size&quot;:&quot;&quot;,&quot;sizes&quot;:[]}}\" data-widget_type=\"image.default\">\n\t\t\t\t\t\t\t\t\t\t\t\t\t\t\t<img fetchpriority=\"high\" decoding=\"async\" width=\"800\" height=\"534\" src=\"https:\/\/www.crealith.be\/wp-content\/uploads\/2026\/02\/outlet\u2013equipements-sanitaires-fin-de-serie-crealith-1024x683.jpg\" class=\"attachment-large size-large wp-image-5633\" alt=\"OUTLET \u2013 Auslaufmodelle von Sanit\u00e4rartikeln\" srcset=\"https:\/\/www.crealith.be\/wp-content\/uploads\/2026\/02\/outlet\u2013equipements-sanitaires-fin-de-serie-crealith-1024x683.jpg 1024w, https:\/\/www.crealith.be\/wp-content\/uploads\/2026\/02\/outlet\u2013equipements-sanitaires-fin-de-serie-crealith-300x200.jpg 300w, https:\/\/www.crealith.be\/wp-content\/uploads\/2026\/02\/outlet\u2013equipements-sanitaires-fin-de-serie-crealith-768x512.jpg 768w, https:\/\/www.crealith.be\/wp-content\/uploads\/2026\/02\/outlet\u2013equipements-sanitaires-fin-de-serie-crealith-600x400.jpg 600w, https:\/\/www.crealith.be\/wp-content\/uploads\/2026\/02\/outlet\u2013equipements-sanitaires-fin-de-serie-crealith.jpg 1500w\" sizes=\"(max-width: 800px) 100vw, 800px\" \/>\t\t\t\t\t\t\t\t\t\t\t\t\t\t\t<\/div>\n\t\t\t\t<\/div>\n\t\t<div class=\"elementor-element elementor-element-531db191 e-flex e-con-boxed elementor-invisible e-con e-child\" data-id=\"531db191\" data-element_type=\"container\" data-e-type=\"container\" data-settings=\"{&quot;animation&quot;:&quot;fadeInUp&quot;}\">\n\t\t\t\t\t<div class=\"e-con-inner\">\n\t\t<div class=\"elementor-element elementor-element-620b1633 e-con-full e-flex e-con e-child\" data-id=\"620b1633\" data-element_type=\"container\" data-e-type=\"container\">\n\t\t<div class=\"elementor-element elementor-element-4f6033ec e-con-full e-flex e-con e-child\" data-id=\"4f6033ec\" data-element_type=\"container\" data-e-type=\"container\">\n\t\t\t\t<div class=\"elementor-element elementor-element-14cd3018 elementor-widget elementor-widget-heading\" data-id=\"14cd3018\" data-element_type=\"widget\" data-e-type=\"widget\" data-widget_type=\"heading.default\">\n\t\t\t\t\t<h1 class=\"elementor-heading-title elementor-size-default\">Outlet<\/h1>\t\t\t\t<\/div>\n\t\t\t\t<div class=\"elementor-element elementor-element-fa4ecf3 elementor-widget elementor-widget-heading\" data-id=\"fa4ecf3\" data-element_type=\"widget\" data-e-type=\"widget\" data-widget_type=\"heading.default\">\n\t\t\t\t\t<h2 class=\"elementor-heading-title elementor-size-default\">Willkommen in unserem Outlet-Bereich<\/h2>\t\t\t\t<\/div>\n\t\t<div class=\"elementor-element elementor-element-5083ae0f e-con-full e-flex e-con e-child\" data-id=\"5083ae0f\" data-element_type=\"container\" data-e-type=\"container\">\n\t\t\t\t<div class=\"elementor-element elementor-element-6f299526 elementor-icon-list--layout-traditional elementor-list-item-link-full_width elementor-widget elementor-widget-icon-list\" data-id=\"6f299526\" data-element_type=\"widget\" data-e-type=\"widget\" data-widget_type=\"icon-list.default\">\n\t\t\t\t\t\t\t<ul class=\"elementor-icon-list-items\">\n\t\t\t\t\t\t\t<li class=\"elementor-icon-list-item\">\n\t\t\t\t\t\t\t\t\t\t\t<span class=\"elementor-icon-list-icon\">\n\t\t\t\t\t\t\t<svg aria-hidden=\"true\" class=\"e-font-icon-svg e-far-window-minimize\" viewBox=\"0 0 512 512\" xmlns=\"http:\/\/www.w3.org\/2000\/svg\"><path d=\"M480 480H32c-17.7 0-32-14.3-32-32s14.3-32 32-32h448c17.7 0 32 14.3 32 32s-14.3 32-32 32z\"><\/path><\/svg>\t\t\t\t\t\t<\/span>\n\t\t\t\t\t\t\t\t\t\t<span class=\"elementor-icon-list-text\">Auslaufmodelle von Sanit\u00e4ranlagen<\/span>\n\t\t\t\t\t\t\t\t\t<\/li>\n\t\t\t\t\t\t<\/ul>\n\t\t\t\t\t\t<\/div>\n\t\t\t\t<div class=\"elementor-element elementor-element-2e372a3 elementor-widget elementor-widget-text-editor\" data-id=\"2e372a3\" data-element_type=\"widget\" data-e-type=\"widget\" data-widget_type=\"text-editor.default\">\n\t\t\t\t\t\t\t\t\t<p>Hier finden Sie eine Auswahl an Sanit\u00e4ranlagen aus Kunststein (Harz) aus Auslaufmodellen, Produktions\u00fcbersch\u00fcssen oder Kollektionswechseln. Diese Produkte entsprechen denselben Qualit\u00e4tsstandards wie unser Hauptsortiment und eignen sich perfekt f\u00fcr Hotelprojekte, Ferienwohnungen, Mehrfamilienh\u00e4user oder schnelle Renovierungen.<\/p>\n<p>Im Outlet profitieren Sie von:<\/p>\n<ul>\n<li>professionelle Produkte zu Vorzugspreisen<\/li>\n<li>sofortige Verf\u00fcgbarkeit<\/li>\n<li>ideale L\u00f6sungen f\u00fcr Projekte mit kurzen Fristen<\/li>\n<li>gleiche Qualit\u00e4t wie unsere Standardkollektionen<\/li>\n<\/ul>\n<p>Da die Mengen begrenzt sind, werden die Artikel nur solange der Vorrat reicht angeboten.<\/p>\n<p>F\u00fcr spezielle Anfragen (Mehrzimmerprojekte, Sammelangebote, internationaler Transport) steht Ihnen unser Vertriebsteam gerne zur Verf\u00fcgung.<\/p>\n\t\t\t\t\t\t\t\t<\/div>\n\t\t\t\t<div class=\"elementor-element elementor-element-d5e783d elementor-widget elementor-widget-heading\" data-id=\"d5e783d\" data-element_type=\"widget\" data-e-type=\"widget\" data-widget_type=\"heading.default\">\n\t\t\t\t\t<h3 class=\"elementor-heading-title elementor-size-default\"><a href=\"https:\/\/www.jde-wallonie.be\/\" target=\"_blank\" rel=\"noopener\">Besuchen Sie schon jetzt unser erstes Outlet anl\u00e4sslich des JDE - 4. Oktober 2026.<\/a><\/h3>\t\t\t\t<\/div>\n\t\t\t\t<\/div>\n\t\t\t\t<\/div>\n\t\t\t\t<\/div>\n\t\t<div class=\"elementor-element elementor-element-6eaba994 e-con-full e-transform e-flex e-con e-child\" data-id=\"6eaba994\" data-element_type=\"container\" data-e-type=\"container\" data-settings=\"{&quot;_transform_translateX_effect_laptop&quot;:{&quot;unit&quot;:&quot;px&quot;,&quot;size&quot;:18,&quot;sizes&quot;:[]},&quot;_transform_translateX_effect_tablet_extra&quot;:{&quot;unit&quot;:&quot;px&quot;,&quot;size&quot;:15,&quot;sizes&quot;:[]},&quot;_transform_translateX_effect_tablet&quot;:{&quot;unit&quot;:&quot;px&quot;,&quot;size&quot;:36,&quot;sizes&quot;:[]},&quot;_transform_translateX_effect_mobile&quot;:{&quot;unit&quot;:&quot;px&quot;,&quot;size&quot;:0,&quot;sizes&quot;:[]},&quot;_transform_translateX_effect&quot;:{&quot;unit&quot;:&quot;px&quot;,&quot;size&quot;:&quot;&quot;,&quot;sizes&quot;:[]},&quot;_transform_translateX_effect_widescreen&quot;:{&quot;unit&quot;:&quot;px&quot;,&quot;size&quot;:&quot;&quot;,&quot;sizes&quot;:[]},&quot;_transform_translateX_effect_mobile_extra&quot;:{&quot;unit&quot;:&quot;px&quot;,&quot;size&quot;:&quot;&quot;,&quot;sizes&quot;:[]},&quot;_transform_translateY_effect&quot;:{&quot;unit&quot;:&quot;px&quot;,&quot;size&quot;:&quot;&quot;,&quot;sizes&quot;:[]},&quot;_transform_translateY_effect_widescreen&quot;:{&quot;unit&quot;:&quot;px&quot;,&quot;size&quot;:&quot;&quot;,&quot;sizes&quot;:[]},&quot;_transform_translateY_effect_laptop&quot;:{&quot;unit&quot;:&quot;px&quot;,&quot;size&quot;:&quot;&quot;,&quot;sizes&quot;:[]},&quot;_transform_translateY_effect_tablet_extra&quot;:{&quot;unit&quot;:&quot;px&quot;,&quot;size&quot;:&quot;&quot;,&quot;sizes&quot;:[]},&quot;_transform_translateY_effect_tablet&quot;:{&quot;unit&quot;:&quot;px&quot;,&quot;size&quot;:&quot;&quot;,&quot;sizes&quot;:[]},&quot;_transform_translateY_effect_mobile_extra&quot;:{&quot;unit&quot;:&quot;px&quot;,&quot;size&quot;:&quot;&quot;,&quot;sizes&quot;:[]},&quot;_transform_translateY_effect_mobile&quot;:{&quot;unit&quot;:&quot;px&quot;,&quot;size&quot;:&quot;&quot;,&quot;sizes&quot;:[]}}\">\n\t\t\t\t<\/div>\n\t\t\t\t\t<\/div>\n\t\t\t\t<\/div>\n\t\t\t\t<\/div>\n\t\t<div class=\"elementor-element elementor-element-ccda0e5 elementor-hidden-widescreen elementor-hidden-desktop elementor-hidden-laptop elementor-hidden-tablet_extra elementor-hidden-tablet elementor-hidden-mobile_extra elementor-hidden-mobile e-flex e-con-boxed elementor-invisible e-con e-parent\" data-id=\"ccda0e5\" data-element_type=\"container\" data-e-type=\"container\" data-settings=\"{&quot;animation&quot;:&quot;fadeInUp&quot;}\">\n\t\t\t\t\t<div class=\"e-con-inner\">\n\t\t\t\t<div class=\"elementor-element elementor-element-28a8545 elementor-pagination-type-bullets elementor-arrows-position-inside elementor-pagination-position-outside elementor-widget elementor-widget-loop-carousel\" data-id=\"28a8545\" data-element_type=\"widget\" data-e-type=\"widget\" data-settings=\"{&quot;template_id&quot;:5054,&quot;_skin&quot;:&quot;post&quot;,&quot;slides_to_show&quot;:&quot;3&quot;,&quot;slides_to_show_widescreen&quot;:&quot;3&quot;,&quot;slides_to_show_laptop&quot;:&quot;3&quot;,&quot;slides_to_show_tablet_extra&quot;:&quot;3&quot;,&quot;slides_to_show_tablet&quot;:&quot;2&quot;,&quot;slides_to_show_mobile_extra&quot;:&quot;2&quot;,&quot;slides_to_show_mobile&quot;:&quot;1&quot;,&quot;slides_to_scroll&quot;:&quot;1&quot;,&quot;edit_handle_selector&quot;:&quot;.elementor-loop-container&quot;,&quot;autoplay&quot;:&quot;yes&quot;,&quot;autoplay_speed&quot;:5000,&quot;pause_on_hover&quot;:&quot;yes&quot;,&quot;pause_on_interaction&quot;:&quot;yes&quot;,&quot;infinite&quot;:&quot;yes&quot;,&quot;speed&quot;:500,&quot;offset_sides&quot;:&quot;none&quot;,&quot;arrows&quot;:&quot;yes&quot;,&quot;pagination&quot;:&quot;bullets&quot;,&quot;image_spacing_custom&quot;:{&quot;unit&quot;:&quot;px&quot;,&quot;size&quot;:10,&quot;sizes&quot;:[]},&quot;image_spacing_custom_widescreen&quot;:{&quot;unit&quot;:&quot;px&quot;,&quot;size&quot;:&quot;&quot;,&quot;sizes&quot;:[]},&quot;image_spacing_custom_laptop&quot;:{&quot;unit&quot;:&quot;px&quot;,&quot;size&quot;:&quot;&quot;,&quot;sizes&quot;:[]},&quot;image_spacing_custom_tablet_extra&quot;:{&quot;unit&quot;:&quot;px&quot;,&quot;size&quot;:&quot;&quot;,&quot;sizes&quot;:[]},&quot;image_spacing_custom_tablet&quot;:{&quot;unit&quot;:&quot;px&quot;,&quot;size&quot;:&quot;&quot;,&quot;sizes&quot;:[]},&quot;image_spacing_custom_mobile_extra&quot;:{&quot;unit&quot;:&quot;px&quot;,&quot;size&quot;:&quot;&quot;,&quot;sizes&quot;:[]},&quot;image_spacing_custom_mobile&quot;:{&quot;unit&quot;:&quot;px&quot;,&quot;size&quot;:&quot;&quot;,&quot;sizes&quot;:[]}}\" data-widget_type=\"loop-carousel.post\">\n\t\t\t\t\t\t\t<div class=\"e-loop-nothing-found-message\">\n\t\t<\/div>\n\t\t\t\t\t\t<\/div>\n\t\t\t\t\t<\/div>\n\t\t\t\t<\/div>\n\t\t\t\t<\/div>\n\t\t","protected":false},"excerpt":{"rendered":"<p>Outlet Willkommen in unserem Outlet-Bereich Auslaufmodelle von Sanit\u00e4ranlagen Hier finden Sie eine Auswahl an Sanit\u00e4ranlagen aus Kunststein (Harz) aus Auslaufmodellen, Produktions\u00fcbersch\u00fcssen oder Kollektionswechseln. Diese Produkte entsprechen denselben Qualit\u00e4tsstandards wie unser Hauptsortiment und eignen sich perfekt f\u00fcr Hotelprojekte, Ferienwohnungen, Mehrfamilienh\u00e4user oder schnelle Renovierungen. Im Outlet profitieren Sie von: professionelle Produkte zu Vorzugspreisen sofortige Verf\u00fcgbarkeit ideale L\u00f6sungen [&hellip;]<\/p>\n","protected":false},"author":1,"featured_media":0,"parent":0,"menu_order":0,"comment_status":"closed","ping_status":"closed","template":"","meta":{"_acf_changed":false,"footnotes":""},"class_list":["post-5632","page","type-page","status-publish","hentry"],"acf":[],"_links":{"self":[{"href":"https:\/\/www.crealith.be\/de\/wp-json\/wp\/v2\/pages\/5632","targetHints":{"allow":["GET"]}}],"collection":[{"href":"https:\/\/www.crealith.be\/de\/wp-json\/wp\/v2\/pages"}],"about":[{"href":"https:\/\/www.crealith.be\/de\/wp-json\/wp\/v2\/types\/page"}],"author":[{"embeddable":true,"href":"https:\/\/www.crealith.be\/de\/wp-json\/wp\/v2\/users\/1"}],"replies":[{"embeddable":true,"href":"https:\/\/www.crealith.be\/de\/wp-json\/wp\/v2\/comments?post=5632"}],"version-history":[{"count":7,"href":"https:\/\/www.crealith.be\/de\/wp-json\/wp\/v2\/pages\/5632\/revisions"}],"predecessor-version":[{"id":6906,"href":"https:\/\/www.crealith.be\/de\/wp-json\/wp\/v2\/pages\/5632\/revisions\/6906"}],"wp:attachment":[{"href":"https:\/\/www.crealith.be\/de\/wp-json\/wp\/v2\/media?parent=5632"}],"curies":[{"name":"wp","href":"https:\/\/api.w.org\/{rel}","templated":true}]}}