{"id":5983,"date":"2026-02-05T10:04:56","date_gmt":"2026-02-05T10:04:56","guid":{"rendered":"https:\/\/crealith.cloud02.visible.be\/produkte\/waschbecken-und-waschtische\/"},"modified":"2026-03-25T09:34:22","modified_gmt":"2026-03-25T09:34:22","slug":"waschbecken-und-waschtische","status":"publish","type":"page","link":"https:\/\/www.crealith.be\/de\/produkte\/waschbecken-und-waschtische\/","title":{"rendered":"Waschbecken und Waschtische"},"content":{"rendered":"\t\t<div data-elementor-type=\"wp-page\" data-elementor-id=\"5983\" class=\"elementor elementor-5983 elementor-4066\" data-elementor-post-type=\"page\">\n\t\t\t\t<div class=\"elementor-element elementor-element-2ef483eb e-con-full e-flex elementor-invisible e-con e-parent\" data-id=\"2ef483eb\" data-element_type=\"container\" data-e-type=\"container\" data-settings=\"{&quot;animation&quot;:&quot;fadeInUp&quot;}\">\n\t\t<div class=\"elementor-element elementor-element-20b46511 e-flex e-con-boxed e-con e-child\" data-id=\"20b46511\" data-element_type=\"container\" data-e-type=\"container\">\n\t\t\t\t\t<div class=\"e-con-inner\">\n\t\t<div class=\"elementor-element elementor-element-51e04313 e-con-full e-flex e-con e-child\" data-id=\"51e04313\" data-element_type=\"container\" data-e-type=\"container\">\n\t\t<div class=\"elementor-element elementor-element-37176d5d e-con-full e-flex e-con e-child\" data-id=\"37176d5d\" data-element_type=\"container\" data-e-type=\"container\">\n\t\t\t\t<div class=\"elementor-element elementor-element-6b77f404 elementor-widget elementor-widget-heading\" data-id=\"6b77f404\" data-element_type=\"widget\" data-e-type=\"widget\" data-widget_type=\"heading.default\">\n\t\t\t\t\t<h1 class=\"elementor-heading-title elementor-size-default\">Waschbecken und Waschtische f\u00fcr Badezimmer<\/h1>\t\t\t\t<\/div>\n\t\t\t\t<div class=\"elementor-element elementor-element-574fd6f elementor-icon-list--layout-traditional elementor-list-item-link-full_width elementor-widget elementor-widget-icon-list\" data-id=\"574fd6f\" data-element_type=\"widget\" data-e-type=\"widget\" data-widget_type=\"icon-list.default\">\n\t\t\t\t\t\t\t<ul class=\"elementor-icon-list-items\">\n\t\t\t\t\t\t\t<li class=\"elementor-icon-list-item\">\n\t\t\t\t\t\t\t\t\t\t\t<span class=\"elementor-icon-list-icon\">\n\t\t\t\t\t\t\t<svg aria-hidden=\"true\" class=\"e-font-icon-svg e-far-window-minimize\" viewBox=\"0 0 512 512\" xmlns=\"http:\/\/www.w3.org\/2000\/svg\"><path d=\"M480 480H32c-17.7 0-32-14.3-32-32s14.3-32 32-32h448c17.7 0 32 14.3 32 32s-14.3 32-32 32z\"><\/path><\/svg>\t\t\t\t\t\t<\/span>\n\t\t\t\t\t\t\t\t\t\t<span class=\"elementor-icon-list-text\">Bei Crealith entwickeln wir Waschbecken und Waschtische, die \u00c4sthetik, Langlebigkeit und gestalterische Freiheit miteinander verbinden. <\/span>\n\t\t\t\t\t\t\t\t\t<\/li>\n\t\t\t\t\t\t<\/ul>\n\t\t\t\t\t\t<\/div>\n\t\t\t\t<div class=\"elementor-element elementor-element-cefde73 elementor-widget elementor-widget-text-editor\" data-id=\"cefde73\" data-element_type=\"widget\" data-e-type=\"widget\" data-widget_type=\"text-editor.default\">\n\t\t\t\t\t\t\t\t\t<p>Gefertigt aus Kunststein in unseren Werkst\u00e4tten in L\u00fcttich, bieten unsere L\u00f6sungen ein makelloses Erscheinungsbild und eine hohe Pflegeleichtigkeit, die insbesondere in professionellen Umgebungen wie Hotels, \u00f6ffentlichen Einrichtungen oder Gesundheits- und Pflegeeinrichtungen unerl\u00e4sslich ist.<\/p>\n<p>Dank der Vielfalt unserer Formen und unserer Kompetenz im Bereich Ma\u00dfanfertigung realisieren wir sowohl Standardprojekte als auch spezifischste Anforderungen, etwa Sonderma\u00dfe, die Positionierung des Beckens, \u00dcberst\u00e4nde, barrierefreie Optionen f\u00fcr Personen mit eingeschr\u00e4nkter Mobilit\u00e4t oder die Integration von Zubeh\u00f6r.<\/p>\n<p>Unser leichtes, widerstandsf\u00e4higes und porenfreies Material gew\u00e4hrleistet h\u00f6chste Hygiene und eine ausgezeichnete Best\u00e4ndigkeit \u00fcber lange Zeit. Jedes einzelne Element kann vollst\u00e4ndig individualisiert werden, von Farbe und Struktur bis hin zur matten oder gl\u00e4nzenden Oberfl\u00e4che.<\/p>\n\t\t\t\t\t\t\t\t<\/div>\n\t\t\t\t<div class=\"elementor-element elementor-element-d5f05fd elementor-widget elementor-widget-button\" data-id=\"d5f05fd\" data-element_type=\"widget\" data-e-type=\"widget\" data-widget_type=\"button.default\">\n\t\t\t\t\t\t\t\t\t\t<a class=\"elementor-button elementor-button-link elementor-size-sm\" href=\"https:\/\/www.crealith.be\/de\/configurateur\/\">\n\t\t\t\t\t\t<span class=\"elementor-button-content-wrapper\">\n\t\t\t\t\t\t\t\t\t<span class=\"elementor-button-text\">In unserem Katalog st\u00f6bern. <\/span>\n\t\t\t\t\t<\/span>\n\t\t\t\t\t<\/a>\n\t\t\t\t\t\t\t\t<\/div>\n\t\t\t\t<\/div>\n\t\t\t\t<\/div>\n\t\t<div class=\"elementor-element elementor-element-11d39829 e-con-full e-transform e-flex e-con e-child\" data-id=\"11d39829\" data-element_type=\"container\" data-e-type=\"container\" data-settings=\"{&quot;_transform_translateX_effect_laptop&quot;:{&quot;unit&quot;:&quot;px&quot;,&quot;size&quot;:18,&quot;sizes&quot;:[]},&quot;_transform_translateX_effect_tablet_extra&quot;:{&quot;unit&quot;:&quot;px&quot;,&quot;size&quot;:15,&quot;sizes&quot;:[]},&quot;_transform_translateX_effect_tablet&quot;:{&quot;unit&quot;:&quot;px&quot;,&quot;size&quot;:36,&quot;sizes&quot;:[]},&quot;_transform_translateX_effect_mobile&quot;:{&quot;unit&quot;:&quot;px&quot;,&quot;size&quot;:0,&quot;sizes&quot;:[]},&quot;_transform_translateX_effect&quot;:{&quot;unit&quot;:&quot;px&quot;,&quot;size&quot;:&quot;&quot;,&quot;sizes&quot;:[]},&quot;_transform_translateX_effect_widescreen&quot;:{&quot;unit&quot;:&quot;px&quot;,&quot;size&quot;:&quot;&quot;,&quot;sizes&quot;:[]},&quot;_transform_translateX_effect_mobile_extra&quot;:{&quot;unit&quot;:&quot;px&quot;,&quot;size&quot;:&quot;&quot;,&quot;sizes&quot;:[]},&quot;_transform_translateY_effect&quot;:{&quot;unit&quot;:&quot;px&quot;,&quot;size&quot;:&quot;&quot;,&quot;sizes&quot;:[]},&quot;_transform_translateY_effect_widescreen&quot;:{&quot;unit&quot;:&quot;px&quot;,&quot;size&quot;:&quot;&quot;,&quot;sizes&quot;:[]},&quot;_transform_translateY_effect_laptop&quot;:{&quot;unit&quot;:&quot;px&quot;,&quot;size&quot;:&quot;&quot;,&quot;sizes&quot;:[]},&quot;_transform_translateY_effect_tablet_extra&quot;:{&quot;unit&quot;:&quot;px&quot;,&quot;size&quot;:&quot;&quot;,&quot;sizes&quot;:[]},&quot;_transform_translateY_effect_tablet&quot;:{&quot;unit&quot;:&quot;px&quot;,&quot;size&quot;:&quot;&quot;,&quot;sizes&quot;:[]},&quot;_transform_translateY_effect_mobile_extra&quot;:{&quot;unit&quot;:&quot;px&quot;,&quot;size&quot;:&quot;&quot;,&quot;sizes&quot;:[]},&quot;_transform_translateY_effect_mobile&quot;:{&quot;unit&quot;:&quot;px&quot;,&quot;size&quot;:&quot;&quot;,&quot;sizes&quot;:[]}}\">\n\t\t\t\t<div class=\"elementor-element elementor-element-ffde9e elementor-widget elementor-widget-image\" data-id=\"ffde9e\" data-element_type=\"widget\" data-e-type=\"widget\" data-widget_type=\"image.default\">\n\t\t\t\t\t\t\t\t\t\t\t\t\t\t\t<img fetchpriority=\"high\" decoding=\"async\" width=\"800\" height=\"800\" src=\"https:\/\/www.crealith.be\/wp-content\/uploads\/2026\/03\/Vasque-Arcachon-crealith-1024x1024.jpg\" class=\"attachment-large size-large wp-image-6419\" alt=\"Waschtisch Arcachon\" srcset=\"https:\/\/www.crealith.be\/wp-content\/uploads\/2026\/03\/Vasque-Arcachon-crealith-1024x1024.jpg 1024w, https:\/\/www.crealith.be\/wp-content\/uploads\/2026\/03\/Vasque-Arcachon-crealith-300x300.jpg 300w, https:\/\/www.crealith.be\/wp-content\/uploads\/2026\/03\/Vasque-Arcachon-crealith-150x150.jpg 150w, https:\/\/www.crealith.be\/wp-content\/uploads\/2026\/03\/Vasque-Arcachon-crealith-768x768.jpg 768w, https:\/\/www.crealith.be\/wp-content\/uploads\/2026\/03\/Vasque-Arcachon-crealith-1536x1536.jpg 1536w, https:\/\/www.crealith.be\/wp-content\/uploads\/2026\/03\/Vasque-Arcachon-crealith-600x600.jpg 600w, https:\/\/www.crealith.be\/wp-content\/uploads\/2026\/03\/Vasque-Arcachon-crealith-100x100.jpg 100w, https:\/\/www.crealith.be\/wp-content\/uploads\/2026\/03\/Vasque-Arcachon-crealith.jpg 1920w\" sizes=\"(max-width: 800px) 100vw, 800px\" \/>\t\t\t\t\t\t\t\t\t\t\t\t\t\t\t<\/div>\n\t\t\t\t<\/div>\n\t\t\t\t\t<\/div>\n\t\t\t\t<\/div>\n\t\t\t\t<\/div>\n\t\t<div class=\"elementor-element elementor-element-4b3a4f6 e-con-full e-flex e-con e-parent\" data-id=\"4b3a4f6\" data-element_type=\"container\" data-e-type=\"container\">\n\t\t\t\t<div class=\"elementor-element elementor-element-6a9901a3 cercle-bas-gauche elementor-widget elementor-widget-image\" data-id=\"6a9901a3\" data-element_type=\"widget\" data-e-type=\"widget\" data-widget_type=\"image.default\">\n\t\t\t\t\t\t\t\t\t\t\t\t\t\t\t<img decoding=\"async\" width=\"800\" height=\"800\" src=\"https:\/\/www.crealith.be\/wp-content\/uploads\/2026\/02\/rond_gris_clair-1024x1024.png\" class=\"attachment-large size-large wp-image-4484\" alt=\"\" srcset=\"https:\/\/www.crealith.be\/wp-content\/uploads\/2026\/02\/rond_gris_clair-1024x1024.png 1024w, https:\/\/www.crealith.be\/wp-content\/uploads\/2026\/02\/rond_gris_clair-300x300.png 300w, https:\/\/www.crealith.be\/wp-content\/uploads\/2026\/02\/rond_gris_clair-150x150.png 150w, https:\/\/www.crealith.be\/wp-content\/uploads\/2026\/02\/rond_gris_clair-768x768.png 768w, https:\/\/www.crealith.be\/wp-content\/uploads\/2026\/02\/rond_gris_clair-1536x1536.png 1536w, https:\/\/www.crealith.be\/wp-content\/uploads\/2026\/02\/rond_gris_clair-600x600.png 600w, https:\/\/www.crealith.be\/wp-content\/uploads\/2026\/02\/rond_gris_clair-100x100.png 100w, https:\/\/www.crealith.be\/wp-content\/uploads\/2026\/02\/rond_gris_clair.png 1684w\" sizes=\"(max-width: 800px) 100vw, 800px\" \/>\t\t\t\t\t\t\t\t\t\t\t\t\t\t\t<\/div>\n\t\t\t\t<\/div>\n\t\t\t\t<\/div>\n\t\t","protected":false},"excerpt":{"rendered":"<p>Waschbecken und Waschtische f\u00fcr Badezimmer Bei Crealith entwickeln wir Waschbecken und Waschtische, die \u00c4sthetik, Langlebigkeit und gestalterische Freiheit miteinander verbinden. Gefertigt aus Kunststein in unseren Werkst\u00e4tten in L\u00fcttich, bieten unsere L\u00f6sungen ein makelloses Erscheinungsbild und eine hohe Pflegeleichtigkeit, die insbesondere in professionellen Umgebungen wie Hotels, \u00f6ffentlichen Einrichtungen oder Gesundheits- und Pflegeeinrichtungen unerl\u00e4sslich ist. Dank der [&hellip;]<\/p>\n","protected":false},"author":1,"featured_media":0,"parent":4743,"menu_order":0,"comment_status":"closed","ping_status":"closed","template":"","meta":{"_acf_changed":false,"footnotes":""},"class_list":["post-5983","page","type-page","status-publish","hentry"],"acf":[],"_links":{"self":[{"href":"https:\/\/www.crealith.be\/de\/wp-json\/wp\/v2\/pages\/5983","targetHints":{"allow":["GET"]}}],"collection":[{"href":"https:\/\/www.crealith.be\/de\/wp-json\/wp\/v2\/pages"}],"about":[{"href":"https:\/\/www.crealith.be\/de\/wp-json\/wp\/v2\/types\/page"}],"author":[{"embeddable":true,"href":"https:\/\/www.crealith.be\/de\/wp-json\/wp\/v2\/users\/1"}],"replies":[{"embeddable":true,"href":"https:\/\/www.crealith.be\/de\/wp-json\/wp\/v2\/comments?post=5983"}],"version-history":[{"count":5,"href":"https:\/\/www.crealith.be\/de\/wp-json\/wp\/v2\/pages\/5983\/revisions"}],"predecessor-version":[{"id":6923,"href":"https:\/\/www.crealith.be\/de\/wp-json\/wp\/v2\/pages\/5983\/revisions\/6923"}],"up":[{"embeddable":true,"href":"https:\/\/www.crealith.be\/de\/wp-json\/wp\/v2\/pages\/4743"}],"wp:attachment":[{"href":"https:\/\/www.crealith.be\/de\/wp-json\/wp\/v2\/media?parent=5983"}],"curies":[{"name":"wp","href":"https:\/\/api.w.org\/{rel}","templated":true}]}}