{"id":1749,"date":"2026-01-21T16:57:26","date_gmt":"2026-01-21T16:57:26","guid":{"rendered":"https:\/\/crealith.cloud02.visible.be\/product\/budapest-2500-2\/"},"modified":"2026-03-25T07:16:42","modified_gmt":"2026-03-25T07:16:42","slug":"budapest-2500-2","status":"publish","type":"product","link":"https:\/\/www.crealith.be\/de\/produkt\/budapest-2500-2\/","title":{"rendered":"Budapest 2500 \/ 2"},"content":{"rendered":"<p><b>TYP:<\/b><br \/>\nKlassisch<br \/>\n<b>FUNKTION:<\/b><br \/>\nWashtisch mit 2 Becken<br \/>\n<b>BREITE:<\/b><br \/>\n2500 mm (kann bis zu 1250 mm aufgeschnitten werden)<br \/>\n<b>TIEFE:<\/b><br \/>\n400 mm<br \/>\n<b>MATERIAL:<\/b><br \/>\nSolid Surface, Spray RAL, Spray Granit<br \/>\n<b>ZUG\u00c4NGLICHKEIT:<\/b><br \/>\nNicht zug\u00e4nglich f\u00fcr PEM<\/p>\n<p><a style=\"float: right;\" href=\"\/wp-content\/uploads\/2018\/10\/Vasque-Budapest-2500-2.pdf\"><u><b>PDF-Zeichnung<\/b><\/u><\/a><br \/>\n<a style=\"float: right;\" href=\"\/wp-content\/uploads\/2018\/10\/Vasques-Budapest.dwg\"><u><b>DWG-Zeichnung<\/b><\/u><\/a><\/p>\n<p>&nbsp;<\/p>\n","protected":false},"excerpt":{"rendered":"<p>TYP: Klassisch FUNKTION: Washtisch mit 2 Becken BREITE: 2500 mm (kann bis zu 1250 mm aufgeschnitten werden) TIEFE: 400 mm MATERIAL: Solid Surface, Spray RAL, Spray Granit ZUG\u00c4NGLICHKEIT: Nicht zug\u00e4nglich f\u00fcr PEM PDF-Zeichnung DWG-Zeichnung &nbsp;<\/p>\n","protected":false},"featured_media":1750,"template":"","meta":{"_acf_changed":false},"product_brand":[],"product_cat":[270],"product_tag":[],"class_list":{"0":"post-1749","1":"product","2":"type-product","3":"status-publish","4":"has-post-thumbnail","6":"product_cat-waschtische","7":"pa_accessibilite-no-acc-prm","8":"pa_caractere-klassisch","9":"pa_fonction-washtisch-mit-2-becken","10":"pa_largeur-180","11":"pa_profondeur-104","13":"first","14":"instock","15":"shipping-taxable","16":"product-type-simple"},"acf":[],"_links":{"self":[{"href":"https:\/\/www.crealith.be\/de\/wp-json\/wp\/v2\/product\/1749","targetHints":{"allow":["GET"]}}],"collection":[{"href":"https:\/\/www.crealith.be\/de\/wp-json\/wp\/v2\/product"}],"about":[{"href":"https:\/\/www.crealith.be\/de\/wp-json\/wp\/v2\/types\/product"}],"wp:featuredmedia":[{"embeddable":true,"href":"https:\/\/www.crealith.be\/de\/wp-json\/wp\/v2\/media\/1750"}],"wp:attachment":[{"href":"https:\/\/www.crealith.be\/de\/wp-json\/wp\/v2\/media?parent=1749"}],"wp:term":[{"taxonomy":"product_brand","embeddable":true,"href":"https:\/\/www.crealith.be\/de\/wp-json\/wp\/v2\/product_brand?post=1749"},{"taxonomy":"product_cat","embeddable":true,"href":"https:\/\/www.crealith.be\/de\/wp-json\/wp\/v2\/product_cat?post=1749"},{"taxonomy":"product_tag","embeddable":true,"href":"https:\/\/www.crealith.be\/de\/wp-json\/wp\/v2\/product_tag?post=1749"}],"curies":[{"name":"wp","href":"https:\/\/api.w.org\/{rel}","templated":true}]}}