{"id":2289,"date":"2026-01-21T16:40:52","date_gmt":"2026-01-21T16:40:52","guid":{"rendered":"https:\/\/crealith.cloud02.visible.be\/product\/chicago-2000\/"},"modified":"2026-03-25T07:20:45","modified_gmt":"2026-03-25T07:20:45","slug":"chicago-2000","status":"publish","type":"product","link":"https:\/\/www.crealith.be\/de\/produkt\/chicago-2000\/","title":{"rendered":"Chicago 2000"},"content":{"rendered":"<p><b>TYP:<\/b><br \/>\nMinimalistisch<br \/>\n<b>FUNKTION:<\/b><br \/>\nWashtisch mit 1 Becken<br \/>\n<b>BREITE:<\/b><br \/>\n2000 mm (kann bis zu 890 mm aufgeschnitten werden)<br \/>\n<b>TIEFE:<\/b><br \/>\n450 mm<br \/>\n<b>MATERIAL:<\/b><br \/>\nSolid Surface SF15<br \/>\n<b>ZUG\u00c4NGLICHKEIT:<\/b><br \/>\nNicht zug\u00e4nglich f\u00fcr PEM<\/p>\n<p><a style=\"float: right;\" href=\"\/wp-content\/uploads\/2018\/10\/Vasque-Chicago-2000.pdf\"><u><b>PDF-Zeichnung<\/b><\/u><\/a><br \/>\n<a style=\"float: right;\" href=\"\/wp-content\/uploads\/2021\/08\/Vasques-Chicago.dwg\"><u><b>DWG-Zeichnung<\/b><\/u><\/a><\/p>\n","protected":false},"excerpt":{"rendered":"<p>TYP: Minimalistisch FUNKTION: Washtisch mit 1 Becken BREITE: 2000 mm (kann bis zu 890 mm aufgeschnitten werden) TIEFE: 450 mm MATERIAL: Solid Surface SF15 ZUG\u00c4NGLICHKEIT: Nicht zug\u00e4nglich f\u00fcr PEM PDF-Zeichnung DWG-Zeichnung<\/p>\n","protected":false},"featured_media":2290,"template":"","meta":{"_acf_changed":false},"product_brand":[],"product_cat":[270],"product_tag":[],"class_list":{"0":"post-2289","1":"product","2":"type-product","3":"status-publish","4":"has-post-thumbnail","6":"product_cat-waschtische","7":"pa_accessibilite-no-acc-prm","8":"pa_caractere-225","9":"pa_fonction-washtisch-mit-1-becken","10":"pa_largeur-47","11":"pa_profondeur-57","13":"first","14":"instock","15":"shipping-taxable","16":"product-type-simple"},"acf":[],"_links":{"self":[{"href":"https:\/\/www.crealith.be\/de\/wp-json\/wp\/v2\/product\/2289","targetHints":{"allow":["GET"]}}],"collection":[{"href":"https:\/\/www.crealith.be\/de\/wp-json\/wp\/v2\/product"}],"about":[{"href":"https:\/\/www.crealith.be\/de\/wp-json\/wp\/v2\/types\/product"}],"wp:featuredmedia":[{"embeddable":true,"href":"https:\/\/www.crealith.be\/de\/wp-json\/wp\/v2\/media\/2290"}],"wp:attachment":[{"href":"https:\/\/www.crealith.be\/de\/wp-json\/wp\/v2\/media?parent=2289"}],"wp:term":[{"taxonomy":"product_brand","embeddable":true,"href":"https:\/\/www.crealith.be\/de\/wp-json\/wp\/v2\/product_brand?post=2289"},{"taxonomy":"product_cat","embeddable":true,"href":"https:\/\/www.crealith.be\/de\/wp-json\/wp\/v2\/product_cat?post=2289"},{"taxonomy":"product_tag","embeddable":true,"href":"https:\/\/www.crealith.be\/de\/wp-json\/wp\/v2\/product_tag?post=2289"}],"curies":[{"name":"wp","href":"https:\/\/api.w.org\/{rel}","templated":true}]}}