{"id":2309,"date":"2026-01-21T16:40:53","date_gmt":"2026-01-21T16:40:53","guid":{"rendered":"https:\/\/crealith.cloud02.visible.be\/product\/durbuy-500-g\/"},"modified":"2026-03-25T07:20:55","modified_gmt":"2026-03-25T07:20:55","slug":"durbuy-500-g","status":"publish","type":"product","link":"https:\/\/www.crealith.be\/de\/produkt\/durbuy-500-g\/","title":{"rendered":"Durbuy 500 &#8211; G"},"content":{"rendered":"<p><b>TYP:<\/b><br \/>\nMinimalistisch<br \/>\n<b>FUNKTION:<\/b><br \/>\nHandwaschbecken<br \/>\n<b>BREITE:<\/b><br \/>\n500 mm (kann bis zu 500 mm aufgeschnitten werden)<br \/>\n<b>TIEFE:<\/b><br \/>\n310 mm<br \/>\n<b>MATERIAL:<\/b><br \/>\nSolid Surface<br \/>\n<b>ZUG\u00c4NGLICHKEIT:<\/b><br \/>\nNicht zug\u00e4nglich f\u00fcr PEM<\/p>\n<p><a style=\"float: right;\" href=\"\/wp-content\/uploads\/2018\/10\/Vasque-Durbuy-500-G.pdf\"><u><b>PDF-Zeichnung<\/b><\/u><\/a><br \/>\n<a style=\"float: right;\" href=\"\/wp-content\/uploads\/2018\/10\/Vasques-Durbuy.dwg\"><u><b>DWG-Zeichnung<\/b><\/u><\/a><\/p>\n","protected":false},"excerpt":{"rendered":"<p>TYP: Minimalistisch FUNKTION: Handwaschbecken BREITE: 500 mm (kann bis zu 500 mm aufgeschnitten werden) TIEFE: 310 mm MATERIAL: Solid Surface ZUG\u00c4NGLICHKEIT: Nicht zug\u00e4nglich f\u00fcr PEM PDF-Zeichnung DWG-Zeichnung<\/p>\n","protected":false},"featured_media":2310,"template":"","meta":{"_acf_changed":false},"product_brand":[],"product_cat":[270],"product_tag":[],"class_list":{"0":"post-2309","1":"product","2":"type-product","3":"status-publish","4":"has-post-thumbnail","6":"product_cat-waschtische","7":"pa_accessibilite-no-acc-prm","8":"pa_caractere-225","9":"pa_fonction-handwaschbecken","10":"pa_largeur-63","11":"pa_profondeur-64","13":"first","14":"instock","15":"shipping-taxable","16":"product-type-simple"},"acf":[],"_links":{"self":[{"href":"https:\/\/www.crealith.be\/de\/wp-json\/wp\/v2\/product\/2309","targetHints":{"allow":["GET"]}}],"collection":[{"href":"https:\/\/www.crealith.be\/de\/wp-json\/wp\/v2\/product"}],"about":[{"href":"https:\/\/www.crealith.be\/de\/wp-json\/wp\/v2\/types\/product"}],"wp:featuredmedia":[{"embeddable":true,"href":"https:\/\/www.crealith.be\/de\/wp-json\/wp\/v2\/media\/2310"}],"wp:attachment":[{"href":"https:\/\/www.crealith.be\/de\/wp-json\/wp\/v2\/media?parent=2309"}],"wp:term":[{"taxonomy":"product_brand","embeddable":true,"href":"https:\/\/www.crealith.be\/de\/wp-json\/wp\/v2\/product_brand?post=2309"},{"taxonomy":"product_cat","embeddable":true,"href":"https:\/\/www.crealith.be\/de\/wp-json\/wp\/v2\/product_cat?post=2309"},{"taxonomy":"product_tag","embeddable":true,"href":"https:\/\/www.crealith.be\/de\/wp-json\/wp\/v2\/product_tag?post=2309"}],"curies":[{"name":"wp","href":"https:\/\/api.w.org\/{rel}","templated":true}]}}