{"id":2512,"date":"2026-01-21T16:43:01","date_gmt":"2026-01-21T16:43:01","guid":{"rendered":"https:\/\/crealith.cloud02.visible.be\/product\/nanterre-760\/"},"modified":"2026-03-25T07:21:52","modified_gmt":"2026-03-25T07:21:52","slug":"nanterre-760","status":"publish","type":"product","link":"https:\/\/www.crealith.be\/de\/produkt\/nanterre-760\/","title":{"rendered":"Nanterre 760"},"content":{"rendered":"<p><b>TYP:<\/b><br \/>\nMinimalistisch<br \/>\n<b>FUNKTION:<\/b><br \/>\nWashtisch mit 1 Becken<br \/>\n<b>BREITE:<\/b><br \/>\n760 mm (kann bis zu 570 mm aufgeschnitten werden)<br \/>\n<b>TIEFE:<\/b><br \/>\n445 mm<br \/>\n<b>MATERIAL:<\/b><br \/>\nSolid Surface SF15<br \/>\n<b>ZUG\u00c4NGLICHKEIT:<\/b><br \/>\nNicht zug\u00e4nglich f\u00fcr PEM<\/p>\n<p><a style=\"float: right;\" href=\"\/wp-content\/uploads\/2018\/10\/Vasque-Nanterre-760.pdf\"><u><b>PDF-Zeichnung<\/b><\/u><\/a><br \/>\n<a style=\"float: right;\" href=\"\/wp-content\/uploads\/2018\/10\/Vasque-Nanterre-760.dwg\"><u><b>DWG-Zeichnung<\/b><\/u><\/a><\/p>\n","protected":false},"excerpt":{"rendered":"<p>TYP: Minimalistisch FUNKTION: Washtisch mit 1 Becken BREITE: 760 mm (kann bis zu 570 mm aufgeschnitten werden) TIEFE: 445 mm MATERIAL: Solid Surface SF15 ZUG\u00c4NGLICHKEIT: Nicht zug\u00e4nglich f\u00fcr PEM PDF-Zeichnung DWG-Zeichnung<\/p>\n","protected":false},"featured_media":2513,"template":"","meta":{"_acf_changed":false},"product_brand":[],"product_cat":[270],"product_tag":[],"class_list":{"0":"post-2512","1":"product","2":"type-product","3":"status-publish","4":"has-post-thumbnail","6":"product_cat-waschtische","7":"pa_accessibilite-no-acc-prm","8":"pa_caractere-225","9":"pa_fonction-washtisch-mit-1-becken","10":"pa_largeur-110","11":"pa_profondeur-111","13":"first","14":"instock","15":"shipping-taxable","16":"product-type-simple"},"acf":[],"_links":{"self":[{"href":"https:\/\/www.crealith.be\/de\/wp-json\/wp\/v2\/product\/2512","targetHints":{"allow":["GET"]}}],"collection":[{"href":"https:\/\/www.crealith.be\/de\/wp-json\/wp\/v2\/product"}],"about":[{"href":"https:\/\/www.crealith.be\/de\/wp-json\/wp\/v2\/types\/product"}],"wp:featuredmedia":[{"embeddable":true,"href":"https:\/\/www.crealith.be\/de\/wp-json\/wp\/v2\/media\/2513"}],"wp:attachment":[{"href":"https:\/\/www.crealith.be\/de\/wp-json\/wp\/v2\/media?parent=2512"}],"wp:term":[{"taxonomy":"product_brand","embeddable":true,"href":"https:\/\/www.crealith.be\/de\/wp-json\/wp\/v2\/product_brand?post=2512"},{"taxonomy":"product_cat","embeddable":true,"href":"https:\/\/www.crealith.be\/de\/wp-json\/wp\/v2\/product_cat?post=2512"},{"taxonomy":"product_tag","embeddable":true,"href":"https:\/\/www.crealith.be\/de\/wp-json\/wp\/v2\/product_tag?post=2512"}],"curies":[{"name":"wp","href":"https:\/\/api.w.org\/{rel}","templated":true}]}}