{"id":2740,"date":"2026-01-21T16:46:24","date_gmt":"2026-01-21T16:46:24","guid":{"rendered":"https:\/\/crealith.cloud02.visible.be\/product\/toulon-1600-g\/"},"modified":"2026-03-25T07:23:22","modified_gmt":"2026-03-25T07:23:22","slug":"toulon-1600-g","status":"publish","type":"product","link":"https:\/\/www.crealith.be\/de\/produkt\/toulon-1600-g\/","title":{"rendered":"Toulon 1600 &#8211; G"},"content":{"rendered":"<p><b>TYP:<\/b><br \/>\nInnovativ<br \/>\n<b>FUNKTION:<\/b><br \/>\nEckwaschbecken<br \/>\n<b>BREITE:<\/b><br \/>\n1600 mm (kann bis zu 850 mm aufgeschnitten werden)<br \/>\n<b>TIEFE:<\/b><br \/>\n300 mm<br \/>\n<b>MATERIAL:<\/b><br \/>\nSolid Surface SF15<br \/>\n<b>ZUG\u00c4NGLICHKEIT:<\/b><br \/>\nZug\u00e4nglich f\u00fcr PEM<\/p>\n<p><a style=\"float: right;\" href=\"\/wp-content\/uploads\/2018\/10\/Vasque-Toulon-1600-G.pdf\"><u><b>PDF-Zeichnung<\/b><\/u><\/a><br \/>\n<a style=\"float: right;\" href=\"\/wp-content\/uploads\/2018\/10\/Vasques-Toulon.dwg\"><u><b>DWG-Zeichnung<\/b><\/u><\/a><\/p>\n","protected":false},"excerpt":{"rendered":"<p>TYP: Innovativ FUNKTION: Eckwaschbecken BREITE: 1600 mm (kann bis zu 850 mm aufgeschnitten werden) TIEFE: 300 mm MATERIAL: Solid Surface SF15 ZUG\u00c4NGLICHKEIT: Zug\u00e4nglich f\u00fcr PEM PDF-Zeichnung DWG-Zeichnung<\/p>\n","protected":false},"featured_media":2741,"template":"","meta":{"_acf_changed":false},"product_brand":[],"product_cat":[270],"product_tag":[],"class_list":{"0":"post-2740","1":"product","2":"type-product","3":"status-publish","4":"has-post-thumbnail","6":"product_cat-waschtische","7":"pa_accessibilite-acc-pmr","8":"pa_caractere-innovativ","9":"pa_fonction-eckwaschbecken","10":"pa_largeur-68","11":"pa_profondeur-41","13":"first","14":"instock","15":"shipping-taxable","16":"product-type-simple"},"acf":[],"_links":{"self":[{"href":"https:\/\/www.crealith.be\/de\/wp-json\/wp\/v2\/product\/2740","targetHints":{"allow":["GET"]}}],"collection":[{"href":"https:\/\/www.crealith.be\/de\/wp-json\/wp\/v2\/product"}],"about":[{"href":"https:\/\/www.crealith.be\/de\/wp-json\/wp\/v2\/types\/product"}],"wp:featuredmedia":[{"embeddable":true,"href":"https:\/\/www.crealith.be\/de\/wp-json\/wp\/v2\/media\/2741"}],"wp:attachment":[{"href":"https:\/\/www.crealith.be\/de\/wp-json\/wp\/v2\/media?parent=2740"}],"wp:term":[{"taxonomy":"product_brand","embeddable":true,"href":"https:\/\/www.crealith.be\/de\/wp-json\/wp\/v2\/product_brand?post=2740"},{"taxonomy":"product_cat","embeddable":true,"href":"https:\/\/www.crealith.be\/de\/wp-json\/wp\/v2\/product_cat?post=2740"},{"taxonomy":"product_tag","embeddable":true,"href":"https:\/\/www.crealith.be\/de\/wp-json\/wp\/v2\/product_tag?post=2740"}],"curies":[{"name":"wp","href":"https:\/\/api.w.org\/{rel}","templated":true}]}}