{"id":2820,"date":"2026-01-21T16:47:15","date_gmt":"2026-01-21T16:47:15","guid":{"rendered":"https:\/\/crealith.cloud02.visible.be\/product\/villeurbanne-600\/"},"modified":"2026-03-25T07:23:27","modified_gmt":"2026-03-25T07:23:27","slug":"villeurbanne-600","status":"publish","type":"product","link":"https:\/\/www.crealith.be\/de\/produkt\/villeurbanne-600\/","title":{"rendered":"Villeurbanne 600"},"content":{"rendered":"<p><b>TYP:<\/b><br \/>\nKlassisch<br \/>\n<b>FUNKTION:<\/b><br \/>\nWashtisch mit 1 Becken<br \/>\n<b>BREITE:<\/b><br \/>\n600 mm (kann bis zu 540 mm aufgeschnitten werden)<br \/>\n<b>TIEFE:<\/b><br \/>\n540 mm<br \/>\n<b>MATERIAL:<\/b><br \/>\nSolid Surface, Spray RAL, Spray Granit<br \/>\n<b>ZUG\u00c4NGLICHKEIT:<\/b><br \/>\nZug\u00e4nglich f\u00fcr PEM<\/p>\n<p><a style=\"float: right;\" href=\"\/wp-content\/uploads\/2018\/10\/Vasque-Villeurbanne-600.pdf\"><u><b>PDF-Zeichnung<\/b><\/u><\/a><br \/>\n<a style=\"float: right;\" href=\"\/wp-content\/uploads\/2018\/10\/Vasque-Villeurbanne-600.dwg\"><u><b>DWG-Zeichnung<\/b><\/u><\/a><\/p>\n","protected":false},"excerpt":{"rendered":"<p>TYP: Klassisch FUNKTION: Washtisch mit 1 Becken BREITE: 600 mm (kann bis zu 540 mm aufgeschnitten werden) TIEFE: 540 mm MATERIAL: Solid Surface, Spray RAL, Spray Granit ZUG\u00c4NGLICHKEIT: Zug\u00e4nglich f\u00fcr PEM PDF-Zeichnung DWG-Zeichnung<\/p>\n","protected":false},"featured_media":2821,"template":"","meta":{"_acf_changed":false},"product_brand":[],"product_cat":[270],"product_tag":[],"class_list":{"0":"post-2820","1":"product","2":"type-product","3":"status-publish","4":"has-post-thumbnail","6":"product_cat-waschtische","7":"pa_accessibilite-acc-pmr","8":"pa_caractere-klassisch","9":"pa_fonction-washtisch-mit-1-becken","10":"pa_largeur-98","11":"pa_profondeur-132","13":"first","14":"instock","15":"shipping-taxable","16":"product-type-simple"},"acf":[],"_links":{"self":[{"href":"https:\/\/www.crealith.be\/de\/wp-json\/wp\/v2\/product\/2820","targetHints":{"allow":["GET"]}}],"collection":[{"href":"https:\/\/www.crealith.be\/de\/wp-json\/wp\/v2\/product"}],"about":[{"href":"https:\/\/www.crealith.be\/de\/wp-json\/wp\/v2\/types\/product"}],"wp:featuredmedia":[{"embeddable":true,"href":"https:\/\/www.crealith.be\/de\/wp-json\/wp\/v2\/media\/2821"}],"wp:attachment":[{"href":"https:\/\/www.crealith.be\/de\/wp-json\/wp\/v2\/media?parent=2820"}],"wp:term":[{"taxonomy":"product_brand","embeddable":true,"href":"https:\/\/www.crealith.be\/de\/wp-json\/wp\/v2\/product_brand?post=2820"},{"taxonomy":"product_cat","embeddable":true,"href":"https:\/\/www.crealith.be\/de\/wp-json\/wp\/v2\/product_cat?post=2820"},{"taxonomy":"product_tag","embeddable":true,"href":"https:\/\/www.crealith.be\/de\/wp-json\/wp\/v2\/product_tag?post=2820"}],"curies":[{"name":"wp","href":"https:\/\/api.w.org\/{rel}","templated":true}]}}