{"id":2837,"date":"2026-01-21T16:47:39","date_gmt":"2026-01-21T16:47:39","guid":{"rendered":"https:\/\/crealith.cloud02.visible.be\/product\/cherbourg-1395-x-750-g\/"},"modified":"2026-03-25T07:23:31","modified_gmt":"2026-03-25T07:23:31","slug":"cherbourg-1395-x-750-g","status":"publish","type":"product","link":"https:\/\/www.crealith.be\/de\/produkt\/cherbourg-1395-x-750-g\/","title":{"rendered":"Cherbourg 1395 x 750 &#8211; G"},"content":{"rendered":"<p><b>TYP:<\/b><br \/>\nMinimalistisch<br \/>\n<b>FUNKTION:<\/b><br \/>\nRechteckige Duschwanne<br \/>\n<b>L\u00c4NGE:<\/b><br \/>\n1395 mm (kann bis zu 1295 mm aufgeschnitten werden)<br \/>\n<b>BREITE:<\/b><br \/>\n650 mm<br \/>\n<b>MATERIAL:<\/b><br \/>\nSolid Surface, Spray RAL, Spray Granit<br \/>\n<b>ZUG\u00c4NGLICHKEIT:<\/b><br \/>\nNicht zug\u00e4nglich f\u00fcr PEM<\/p>\n<p><a style=\"float: right;\" href=\"\/wp-content\/uploads\/2018\/10\/Receveur-Cherbourg-1395x750-G.pdf\"><u><b>PDF-Zeichnung<\/b><\/u><\/a><br \/>\n<a style=\"float: right;\" href=\"\/wp-content\/uploads\/2018\/10\/Receveurs-Cherbourg.dwg\"><u><b>DWG-Zeichnung<\/b><\/u><\/a><\/p>\n","protected":false},"excerpt":{"rendered":"<p>TYP: Minimalistisch FUNKTION: Rechteckige Duschwanne L\u00c4NGE: 1395 mm (kann bis zu 1295 mm aufgeschnitten werden) BREITE: 650 mm MATERIAL: Solid Surface, Spray RAL, Spray Granit ZUG\u00c4NGLICHKEIT: Nicht zug\u00e4nglich f\u00fcr PEM PDF-Zeichnung DWG-Zeichnung<\/p>\n","protected":false},"featured_media":2838,"template":"","meta":{"_acf_changed":false},"product_brand":[],"product_cat":[276],"product_tag":[],"class_list":{"0":"post-2837","1":"product","2":"type-product","3":"status-publish","4":"has-post-thumbnail","6":"product_cat-duschtassen","7":"pa_accessibilite-no-acc-prm","8":"pa_caractere-225","9":"pa_fonction-rechteckige-duschwanne","10":"pa_largeur-88","11":"pa_longueur-143","13":"first","14":"instock","15":"shipping-taxable","16":"product-type-simple"},"acf":[],"_links":{"self":[{"href":"https:\/\/www.crealith.be\/de\/wp-json\/wp\/v2\/product\/2837","targetHints":{"allow":["GET"]}}],"collection":[{"href":"https:\/\/www.crealith.be\/de\/wp-json\/wp\/v2\/product"}],"about":[{"href":"https:\/\/www.crealith.be\/de\/wp-json\/wp\/v2\/types\/product"}],"wp:featuredmedia":[{"embeddable":true,"href":"https:\/\/www.crealith.be\/de\/wp-json\/wp\/v2\/media\/2838"}],"wp:attachment":[{"href":"https:\/\/www.crealith.be\/de\/wp-json\/wp\/v2\/media?parent=2837"}],"wp:term":[{"taxonomy":"product_brand","embeddable":true,"href":"https:\/\/www.crealith.be\/de\/wp-json\/wp\/v2\/product_brand?post=2837"},{"taxonomy":"product_cat","embeddable":true,"href":"https:\/\/www.crealith.be\/de\/wp-json\/wp\/v2\/product_cat?post=2837"},{"taxonomy":"product_tag","embeddable":true,"href":"https:\/\/www.crealith.be\/de\/wp-json\/wp\/v2\/product_tag?post=2837"}],"curies":[{"name":"wp","href":"https:\/\/api.w.org\/{rel}","templated":true}]}}