{"id":2841,"date":"2026-01-21T16:48:02","date_gmt":"2026-01-21T16:48:02","guid":{"rendered":"https:\/\/crealith.cloud02.visible.be\/product\/lausanne-900-x-900-d\/"},"modified":"2026-03-25T07:23:32","modified_gmt":"2026-03-25T07:23:32","slug":"lausanne-900-x-900-d","status":"publish","type":"product","link":"https:\/\/www.crealith.be\/de\/produkt\/lausanne-900-x-900-d\/","title":{"rendered":"Lausanne 900 x 900 &#8211; D"},"content":{"rendered":"<p><b>TYP:<\/b><br \/>\nKlassisch<br \/>\n<b>FUNKTION:<\/b><br \/>\nEckduschwanne<br \/>\n<b>L\u00c4NGE:<\/b><br \/>\n900 mm<br \/>\n<b>BREITE:<\/b><br \/>\n900 mm<br \/>\n<b>MATERIAL:<\/b><br \/>\nSolid Surface, Spray RAL, Spray Granit<br \/>\n<b>ZUG\u00c4NGLICHKEIT:<\/b><br \/>\nNicht zug\u00e4nglich f\u00fcr PEM<\/p>\n<p><a style=\"float: right;\" href=\"\/wp-content\/uploads\/2018\/10\/Receveur-Lausanne-900x900-D.pdf\"><u><b>PDF-Zeichnung<\/b><\/u><\/a><br \/>\n<a style=\"float: right;\" href=\"\/wp-content\/uploads\/2018\/10\/Receveurs-Lausanne.dwg\"><u><b>DWG-Zeichnung<\/b><\/u><\/a><\/p>\n","protected":false},"excerpt":{"rendered":"<p>TYP: Klassisch FUNKTION: Eckduschwanne L\u00c4NGE: 900 mm BREITE: 900 mm MATERIAL: Solid Surface, Spray RAL, Spray Granit ZUG\u00c4NGLICHKEIT: Nicht zug\u00e4nglich f\u00fcr PEM PDF-Zeichnung DWG-Zeichnung<\/p>\n","protected":false},"featured_media":2842,"template":"","meta":{"_acf_changed":false},"product_brand":[],"product_cat":[276],"product_tag":[],"class_list":{"0":"post-2841","1":"product","2":"type-product","3":"status-publish","4":"has-post-thumbnail","6":"product_cat-duschtassen","7":"pa_accessibilite-no-acc-prm","8":"pa_caractere-klassisch","9":"pa_fonction-250","10":"pa_largeur-55","11":"pa_longueur-148","13":"first","14":"instock","15":"shipping-taxable","16":"product-type-simple"},"acf":[],"_links":{"self":[{"href":"https:\/\/www.crealith.be\/de\/wp-json\/wp\/v2\/product\/2841","targetHints":{"allow":["GET"]}}],"collection":[{"href":"https:\/\/www.crealith.be\/de\/wp-json\/wp\/v2\/product"}],"about":[{"href":"https:\/\/www.crealith.be\/de\/wp-json\/wp\/v2\/types\/product"}],"wp:featuredmedia":[{"embeddable":true,"href":"https:\/\/www.crealith.be\/de\/wp-json\/wp\/v2\/media\/2842"}],"wp:attachment":[{"href":"https:\/\/www.crealith.be\/de\/wp-json\/wp\/v2\/media?parent=2841"}],"wp:term":[{"taxonomy":"product_brand","embeddable":true,"href":"https:\/\/www.crealith.be\/de\/wp-json\/wp\/v2\/product_brand?post=2841"},{"taxonomy":"product_cat","embeddable":true,"href":"https:\/\/www.crealith.be\/de\/wp-json\/wp\/v2\/product_cat?post=2841"},{"taxonomy":"product_tag","embeddable":true,"href":"https:\/\/www.crealith.be\/de\/wp-json\/wp\/v2\/product_tag?post=2841"}],"curies":[{"name":"wp","href":"https:\/\/api.w.org\/{rel}","templated":true}]}}