{"id":3206,"date":"2026-01-21T16:52:49","date_gmt":"2026-01-21T16:52:49","guid":{"rendered":"https:\/\/crealith.cloud02.visible.be\/product\/creteil-1840-d\/"},"modified":"2026-03-25T07:25:17","modified_gmt":"2026-03-25T07:25:17","slug":"creteil-1840-d","status":"publish","type":"product","link":"https:\/\/www.crealith.be\/de\/produkt\/creteil-1840-d\/","title":{"rendered":"Cr\u00e9teil 1840 &#8211; D"},"content":{"rendered":"<p><b>TYP:<\/b><br \/>\nInnovativ<br \/>\n<b>FUNKTION:<\/b><br \/>\nWashtisch mit 1 Becken<br \/>\n<b>BREITE:<\/b><br \/>\n1840 mm (kann bis zu 640 mm aufgeschnitten werden)<br \/>\n<b>TIEFE:<\/b><br \/>\n550 mm<br \/>\n<b>MATERIAL:<\/b><br \/>\nSolid Surface SF15<br \/>\n<b>ZUG\u00c4NGLICHKEIT:<\/b><br \/>\nZug\u00e4nglich f\u00fcr PEM<\/p>\n<p><a style=\"float: right;\" href=\"\/wp-content\/uploads\/2021\/08\/Vasque-Cr\u00e9teil-1840-D.pdf\"><u><b>PDF-Zeichnung<\/b><\/u><\/a><br \/>\n<a style=\"float: right;\" href=\"\/wp-content\/uploads\/2021\/08\/Vasques-Cr\u00e9teil.dwg\"><u><b>DWG-Zeichnung<\/b><\/u><\/a><\/p>\n","protected":false},"excerpt":{"rendered":"<p>TYP: Innovativ FUNKTION: Washtisch mit 1 Becken BREITE: 1840 mm (kann bis zu 640 mm aufgeschnitten werden) TIEFE: 550 mm MATERIAL: Solid Surface SF15 ZUG\u00c4NGLICHKEIT: Zug\u00e4nglich f\u00fcr PEM PDF-Zeichnung DWG-Zeichnung<\/p>\n","protected":false},"featured_media":3207,"template":"","meta":{"_acf_changed":false},"product_brand":[],"product_cat":[270],"product_tag":[],"class_list":{"0":"post-3206","1":"product","2":"type-product","3":"status-publish","4":"has-post-thumbnail","6":"product_cat-waschtische","7":"pa_accessibilite-acc-pmr","8":"pa_caractere-innovativ","9":"pa_fonction-washtisch-mit-1-becken","10":"pa_largeur-184","11":"pa_profondeur-69","13":"first","14":"instock","15":"shipping-taxable","16":"product-type-simple"},"acf":[],"_links":{"self":[{"href":"https:\/\/www.crealith.be\/de\/wp-json\/wp\/v2\/product\/3206","targetHints":{"allow":["GET"]}}],"collection":[{"href":"https:\/\/www.crealith.be\/de\/wp-json\/wp\/v2\/product"}],"about":[{"href":"https:\/\/www.crealith.be\/de\/wp-json\/wp\/v2\/types\/product"}],"wp:featuredmedia":[{"embeddable":true,"href":"https:\/\/www.crealith.be\/de\/wp-json\/wp\/v2\/media\/3207"}],"wp:attachment":[{"href":"https:\/\/www.crealith.be\/de\/wp-json\/wp\/v2\/media?parent=3206"}],"wp:term":[{"taxonomy":"product_brand","embeddable":true,"href":"https:\/\/www.crealith.be\/de\/wp-json\/wp\/v2\/product_brand?post=3206"},{"taxonomy":"product_cat","embeddable":true,"href":"https:\/\/www.crealith.be\/de\/wp-json\/wp\/v2\/product_cat?post=3206"},{"taxonomy":"product_tag","embeddable":true,"href":"https:\/\/www.crealith.be\/de\/wp-json\/wp\/v2\/product_tag?post=3206"}],"curies":[{"name":"wp","href":"https:\/\/api.w.org\/{rel}","templated":true}]}}