{"id":3353,"date":"2026-01-21T16:54:56","date_gmt":"2026-01-21T16:54:56","guid":{"rendered":"https:\/\/crealith.cloud02.visible.be\/product\/blegny-705-g\/"},"modified":"2026-03-25T07:26:06","modified_gmt":"2026-03-25T07:26:06","slug":"blegny-705-g","status":"publish","type":"product","link":"https:\/\/www.crealith.be\/de\/produkt\/blegny-705-g\/","title":{"rendered":"Blegny 705 &#8211; G"},"content":{"rendered":"<p><b>TYP:<\/b><br \/>\nMinimalistisch<br \/>\n<b>FUNKTION:<\/b><br \/>\nEckwaschbecken<br \/>\n<b>BREITE:<\/b><br \/>\n705 mm (kann bis zu 520 mm aufgeschnitten werden)<br \/>\n<b>TIEFE:<\/b><br \/>\n480 mm<br \/>\n<b>MATERIAL:<\/b><br \/>\nSolid Surface, Spray RAL, Spray Granit<br \/>\n<b>ZUG\u00c4NGLICHKEIT:<\/b><br \/>\nZug\u00e4nglich f\u00fcr PEM<\/p>\n<p><a style=\"float: right;\" href=\"\/wp-content\/uploads\/2018\/10\/Vasque-Blegny-705-G.pdf\"><u><b>PDF-Zeichnung<\/b><\/u><\/a><br \/>\n<a style=\"float: right;\" href=\"\/wp-content\/uploads\/2018\/10\/Vasques-Blegny.dwg\"><u><b>DWG-Zeichnung<\/b><\/u><\/a><\/p>\n","protected":false},"excerpt":{"rendered":"<p>TYP: Minimalistisch FUNKTION: Eckwaschbecken BREITE: 705 mm (kann bis zu 520 mm aufgeschnitten werden) TIEFE: 480 mm MATERIAL: Solid Surface, Spray RAL, Spray Granit ZUG\u00c4NGLICHKEIT: Zug\u00e4nglich f\u00fcr PEM PDF-Zeichnung DWG-Zeichnung<\/p>\n","protected":false},"featured_media":3354,"template":"","meta":{"_acf_changed":false},"product_brand":[],"product_cat":[270],"product_tag":[],"class_list":{"0":"post-3353","1":"product","2":"type-product","3":"status-publish","4":"has-post-thumbnail","6":"product_cat-waschtische","7":"pa_accessibilite-acc-pmr","8":"pa_caractere-225","9":"pa_fonction-eckwaschbecken","10":"pa_largeur-174","11":"pa_profondeur-181","13":"first","14":"instock","15":"shipping-taxable","16":"product-type-simple"},"acf":[],"_links":{"self":[{"href":"https:\/\/www.crealith.be\/de\/wp-json\/wp\/v2\/product\/3353","targetHints":{"allow":["GET"]}}],"collection":[{"href":"https:\/\/www.crealith.be\/de\/wp-json\/wp\/v2\/product"}],"about":[{"href":"https:\/\/www.crealith.be\/de\/wp-json\/wp\/v2\/types\/product"}],"wp:featuredmedia":[{"embeddable":true,"href":"https:\/\/www.crealith.be\/de\/wp-json\/wp\/v2\/media\/3354"}],"wp:attachment":[{"href":"https:\/\/www.crealith.be\/de\/wp-json\/wp\/v2\/media?parent=3353"}],"wp:term":[{"taxonomy":"product_brand","embeddable":true,"href":"https:\/\/www.crealith.be\/de\/wp-json\/wp\/v2\/product_brand?post=3353"},{"taxonomy":"product_cat","embeddable":true,"href":"https:\/\/www.crealith.be\/de\/wp-json\/wp\/v2\/product_cat?post=3353"},{"taxonomy":"product_tag","embeddable":true,"href":"https:\/\/www.crealith.be\/de\/wp-json\/wp\/v2\/product_tag?post=3353"}],"curies":[{"name":"wp","href":"https:\/\/api.w.org\/{rel}","templated":true}]}}